{"id":7884,"date":"2025-08-08T05:51:05","date_gmt":"2025-08-08T04:51:05","guid":{"rendered":"https:\/\/upd-initiative.ch\/?page_id=7884"},"modified":"2025-08-08T06:45:53","modified_gmt":"2025-08-08T05:45:53","slug":"home","status":"publish","type":"page","link":"https:\/\/upd-initiative.ch\/fr\/","title":{"rendered":"Home"},"content":{"rendered":"<div class=\"wpb-content-wrapper\"><p>[vc_row full_height=\u00a0\u00bbyes\u00a0\u00bb background-position=\u00a0\u00bbright-center\u00a0\u00bb css=\u00a0\u00bb.vc_custom_1754624915731{background-position: 0 0 !important;background-repeat: no-repeat !important;}\u00a0\u00bb][vc_column][vc_row_inner content_placement=\u00a0\u00bbmiddle\u00a0\u00bb el_class=\u00a0\u00bbfirstview\u00a0\u00bb][vc_column_inner width=\u00a0\u00bb5\/6&Prime;][vc_column_text css=\u00a0\u00bb.vc_custom_1754625443881{margin-bottom: 0px !important;}\u00a0\u00bb el_class=\u00a0\u00bbhomepage white\u00a0\u00bb]<\/p>\n<h2>Bienvenue <span class=\"light\">\u00e0<br \/>\nl\u2019Unlocking the Power of Data Initiative<\/span><\/h2>\n<p class=\"text-intro\">Depuis son lancement, le projet \u00ab Unlocking the Power of Data Initiative \u00bb a eu pour ambition de rapprocher la communaut\u00e9 des donn\u00e9es et de la statistique et un ensemble de parties prenantes, afin de faire progresser nos \u00e9cosyst\u00e8mes de donn\u00e9es et de fournir les informations n\u00e9cessaires \u00e0 une vision du monde bas\u00e9e sur des faits. Gr\u00e2ce \u00e0 l\u2019engagement de nombreux partenaires et \u00e0 l\u2019int\u00e9r\u00eat du public, le projet a permis de franchir plusieurs \u00e9tapes importantes et d\u2019atteindre des objectifs importants. Ceci a contribu\u00e9 \u00e0 poser des bases solides pour la suite, en renfor\u00e7ant les liens entre les acteurs concern\u00e9s et en am\u00e9liorant notre compr\u00e9hension des enjeux li\u00e9s aux donn\u00e9es et \u00e0 la statistique.<\/p>\n<p class=\"text-intro\">Aujourd\u2019hui, le projet entre dans une phase de pause. Cette d\u00e9cision s\u2019inscrit dans une volont\u00e9 de prendre le temps n\u00e9cessaire pour r\u00e9\u00e9valuer les objectifs et tenir compte de nouveaux besoins et l\u2019\u00e9volution du contexte. Une r\u00e9\u00e9valuation compl\u00e8te sera men\u00e9e, \u00e0 l\u2019issue de laquelle des d\u00e9cisions seront prises quant \u00e0 la suite \u00e0 donner au projet.<\/p>\n<p class=\"text-intro\">Le site internet reste actif. Il continuera de proposer l\u2019acc\u00e8s \u00e0 une partie du contenu existant. Veuillez noter que la communication via le compte X (anciennement Twitter) est d\u00e9sormais suspendue. A l\u2019avenir, toutes les annonces officielles seront publi\u00e9es exclusivement par les canaux de communication de l\u2019Office f\u00e9d\u00e9ral de la Statistique.<\/p>\n<p>[\/vc_column_text][\/vc_column_inner][vc_column_inner width=\u00a0\u00bb1\/6&Prime;][\/vc_column_inner][\/vc_row_inner][\/vc_column][\/vc_row]<\/p>\n<\/div>","protected":false},"excerpt":{"rendered":"<p>[vc_row full_height=\u00a0\u00bbyes\u00a0\u00bb background-position=\u00a0\u00bbright-center\u00a0\u00bb css=\u00a0\u00bb.vc_custom_1754624915731{background-position: 0 0 !important;background-repeat: no-repeat !important;}\u00a0\u00bb][vc_column][vc_row_inner content_placement=\u00a0\u00bbmiddle\u00a0\u00bb el_class=\u00a0\u00bbfirstview\u00a0\u00bb][vc_column_inner width=\u00a0\u00bb5\/6&Prime;][vc_column_text css=\u00a0\u00bb.vc_custom_1754625443881{margin-bottom: 0px !important;}\u00a0\u00bb el_class=\u00a0\u00bbhomepage white\u00a0\u00bb] Bienvenue \u00e0 l\u2019Unlocking the Power of Data Initiative Depuis son lancement, le projet \u00ab Unlocking the Power of Data Initiative \u00bb a eu&#8230;<\/p>\n","protected":false},"author":1,"featured_media":0,"parent":0,"menu_order":0,"comment_status":"closed","ping_status":"closed","template":"","meta":{"_vp_format_video_url":"","_vp_image_focal_point":[],"footnotes":""},"class_list":["post-7884","page","type-page","status-publish","hentry"],"yoast_head":"<!-- This site is optimized with the Yoast SEO plugin v27.3 - https:\/\/yoast.com\/product\/yoast-seo-wordpress\/ -->\n<title>Unlocking the Power of Data Initiative<\/title>\n<meta name=\"description\" content=\"Dans un monde en constante \u00e9volution, il nous faut toujours plus de donn\u00e9es pour comprendre et relever les d\u00e9fis auxquels la population mondiale est confront\u00e9e. L\u2019Unlocking the Power of Data Initiative souhaite combler le foss\u00e9 entre la communaut\u00e9 des donn\u00e9es et de la statistique et un ensemble de parties prenantes, afin de faire progresser nos \u00e9cosyst\u00e8mes de donn\u00e9es et de fournir les informations n\u00e9cessaires \u00e0 une vision du monde bas\u00e9e sur les faits.\" \/>\n<meta name=\"robots\" content=\"index, follow, max-snippet:-1, max-image-preview:large, max-video-preview:-1\" \/>\n<link rel=\"canonical\" href=\"https:\/\/upd-initiative.ch\/fr\/\" \/>\n<meta property=\"og:locale\" content=\"fr_FR\" \/>\n<meta property=\"og:type\" content=\"article\" \/>\n<meta property=\"og:title\" content=\"Unlocking the Power of Data Initiative\" \/>\n<meta property=\"og:description\" content=\"Dans un monde en constante \u00e9volution, il nous faut toujours plus de donn\u00e9es pour comprendre et relever les d\u00e9fis auxquels la population mondiale est confront\u00e9e. L\u2019Unlocking the Power of Data Initiative souhaite combler le foss\u00e9 entre la communaut\u00e9 des donn\u00e9es et de la statistique et un ensemble de parties prenantes, afin de faire progresser nos \u00e9cosyst\u00e8mes de donn\u00e9es et de fournir les informations n\u00e9cessaires \u00e0 une vision du monde bas\u00e9e sur les faits.\" \/>\n<meta property=\"og:url\" content=\"https:\/\/upd-initiative.ch\/fr\/\" \/>\n<meta property=\"og:site_name\" content=\"Unlocking the Power of Data Initiative\" \/>\n<meta property=\"article:modified_time\" content=\"2025-08-08T05:45:53+00:00\" \/>\n<meta property=\"og:image\" content=\"https:\/\/upd-initiative.ch\/wp-content\/uploads\/2022\/04\/Logo-UPDI-Color-RGB-white-bg-some-1190px.jpg\" \/>\n\t<meta property=\"og:image:width\" content=\"1190\" \/>\n\t<meta property=\"og:image:height\" content=\"704\" \/>\n\t<meta property=\"og:image:type\" content=\"image\/jpeg\" \/>\n<meta name=\"twitter:card\" content=\"summary_large_image\" \/>\n<meta name=\"twitter:title\" content=\"Unlocking the Power of Data Initiative\" \/>\n<meta name=\"twitter:description\" content=\"Dans un monde en constante \u00e9volution, il nous faut toujours plus de donn\u00e9es pour comprendre et relever les d\u00e9fis auxquels la population mondiale est confront\u00e9e. L\u2019Unlocking the Power of Data Initiative souhaite combler le foss\u00e9 entre la communaut\u00e9 des donn\u00e9es et de la statistique et un ensemble de parties prenantes, afin de faire progresser nos \u00e9cosyst\u00e8mes de donn\u00e9es et de fournir les informations n\u00e9cessaires \u00e0 une vision du monde bas\u00e9e sur les faits.\" \/>\n<meta name=\"twitter:image\" content=\"https:\/\/upd-initiative.ch\/wp-content\/uploads\/2022\/04\/Logo-UPDI-Color-RGB-white-bg-some-1190px.jpg\" \/>\n<script type=\"application\/ld+json\" class=\"yoast-schema-graph\">{\"@context\":\"https:\\\/\\\/schema.org\",\"@graph\":[{\"@type\":\"WebPage\",\"@id\":\"https:\\\/\\\/upd-initiative.ch\\\/fr\\\/\",\"url\":\"https:\\\/\\\/upd-initiative.ch\\\/fr\\\/\",\"name\":\"Unlocking the Power of Data Initiative\",\"isPartOf\":{\"@id\":\"https:\\\/\\\/upd-initiative.ch\\\/fr\\\/#website\"},\"datePublished\":\"2025-08-08T04:51:05+00:00\",\"dateModified\":\"2025-08-08T05:45:53+00:00\",\"description\":\"Dans un monde en constante \u00e9volution, il nous faut toujours plus de donn\u00e9es pour comprendre et relever les d\u00e9fis auxquels la population mondiale est confront\u00e9e. L\u2019Unlocking the Power of Data Initiative souhaite combler le foss\u00e9 entre la communaut\u00e9 des donn\u00e9es et de la statistique et un ensemble de parties prenantes, afin de faire progresser nos \u00e9cosyst\u00e8mes de donn\u00e9es et de fournir les informations n\u00e9cessaires \u00e0 une vision du monde bas\u00e9e sur les faits.\",\"breadcrumb\":{\"@id\":\"https:\\\/\\\/upd-initiative.ch\\\/fr\\\/#breadcrumb\"},\"inLanguage\":\"fr-FR\",\"potentialAction\":[{\"@type\":\"ReadAction\",\"target\":[\"https:\\\/\\\/upd-initiative.ch\\\/fr\\\/\"]}]},{\"@type\":\"BreadcrumbList\",\"@id\":\"https:\\\/\\\/upd-initiative.ch\\\/fr\\\/#breadcrumb\",\"itemListElement\":[{\"@type\":\"ListItem\",\"position\":1,\"name\":\"Home\",\"item\":\"https:\\\/\\\/upd-initiative.ch\\\/fr\\\/\"},{\"@type\":\"ListItem\",\"position\":2,\"name\":\"Home\"}]},{\"@type\":\"WebSite\",\"@id\":\"https:\\\/\\\/upd-initiative.ch\\\/fr\\\/#website\",\"url\":\"https:\\\/\\\/upd-initiative.ch\\\/fr\\\/\",\"name\":\"Unlocking the Power of Data Initiative\",\"description\":\"\",\"publisher\":{\"@id\":\"https:\\\/\\\/upd-initiative.ch\\\/fr\\\/#organization\"},\"potentialAction\":[{\"@type\":\"SearchAction\",\"target\":{\"@type\":\"EntryPoint\",\"urlTemplate\":\"https:\\\/\\\/upd-initiative.ch\\\/fr\\\/?s={search_term_string}\"},\"query-input\":{\"@type\":\"PropertyValueSpecification\",\"valueRequired\":true,\"valueName\":\"search_term_string\"}}],\"inLanguage\":\"fr-FR\"},{\"@type\":\"Organization\",\"@id\":\"https:\\\/\\\/upd-initiative.ch\\\/fr\\\/#organization\",\"name\":\"Unlocking the Power of Data Initiative\",\"url\":\"https:\\\/\\\/upd-initiative.ch\\\/fr\\\/\",\"logo\":{\"@type\":\"ImageObject\",\"inLanguage\":\"fr-FR\",\"@id\":\"https:\\\/\\\/upd-initiative.ch\\\/fr\\\/#\\\/schema\\\/logo\\\/image\\\/\",\"url\":\"https:\\\/\\\/upd-initiative.ch\\\/wp-content\\\/uploads\\\/2022\\\/04\\\/Logo-UPDI-Color-RGB-white-bg-some-325px.jpg\",\"contentUrl\":\"https:\\\/\\\/upd-initiative.ch\\\/wp-content\\\/uploads\\\/2022\\\/04\\\/Logo-UPDI-Color-RGB-white-bg-some-325px.jpg\",\"width\":325,\"height\":325,\"caption\":\"Unlocking the Power of Data Initiative\"},\"image\":{\"@id\":\"https:\\\/\\\/upd-initiative.ch\\\/fr\\\/#\\\/schema\\\/logo\\\/image\\\/\"}}]}<\/script>\n<!-- \/ Yoast SEO plugin. -->","yoast_head_json":{"title":"Unlocking the Power of Data Initiative","description":"Dans un monde en constante \u00e9volution, il nous faut toujours plus de donn\u00e9es pour comprendre et relever les d\u00e9fis auxquels la population mondiale est confront\u00e9e. L\u2019Unlocking the Power of Data Initiative souhaite combler le foss\u00e9 entre la communaut\u00e9 des donn\u00e9es et de la statistique et un ensemble de parties prenantes, afin de faire progresser nos \u00e9cosyst\u00e8mes de donn\u00e9es et de fournir les informations n\u00e9cessaires \u00e0 une vision du monde bas\u00e9e sur les faits.","robots":{"index":"index","follow":"follow","max-snippet":"max-snippet:-1","max-image-preview":"max-image-preview:large","max-video-preview":"max-video-preview:-1"},"canonical":"https:\/\/upd-initiative.ch\/fr\/","og_locale":"fr_FR","og_type":"article","og_title":"Unlocking the Power of Data Initiative","og_description":"Dans un monde en constante \u00e9volution, il nous faut toujours plus de donn\u00e9es pour comprendre et relever les d\u00e9fis auxquels la population mondiale est confront\u00e9e. L\u2019Unlocking the Power of Data Initiative souhaite combler le foss\u00e9 entre la communaut\u00e9 des donn\u00e9es et de la statistique et un ensemble de parties prenantes, afin de faire progresser nos \u00e9cosyst\u00e8mes de donn\u00e9es et de fournir les informations n\u00e9cessaires \u00e0 une vision du monde bas\u00e9e sur les faits.","og_url":"https:\/\/upd-initiative.ch\/fr\/","og_site_name":"Unlocking the Power of Data Initiative","article_modified_time":"2025-08-08T05:45:53+00:00","og_image":[{"width":1190,"height":704,"url":"https:\/\/upd-initiative.ch\/wp-content\/uploads\/2022\/04\/Logo-UPDI-Color-RGB-white-bg-some-1190px.jpg","type":"image\/jpeg"}],"twitter_card":"summary_large_image","twitter_title":"Unlocking the Power of Data Initiative","twitter_description":"Dans un monde en constante \u00e9volution, il nous faut toujours plus de donn\u00e9es pour comprendre et relever les d\u00e9fis auxquels la population mondiale est confront\u00e9e. L\u2019Unlocking the Power of Data Initiative souhaite combler le foss\u00e9 entre la communaut\u00e9 des donn\u00e9es et de la statistique et un ensemble de parties prenantes, afin de faire progresser nos \u00e9cosyst\u00e8mes de donn\u00e9es et de fournir les informations n\u00e9cessaires \u00e0 une vision du monde bas\u00e9e sur les faits.","twitter_image":"https:\/\/upd-initiative.ch\/wp-content\/uploads\/2022\/04\/Logo-UPDI-Color-RGB-white-bg-some-1190px.jpg","schema":{"@context":"https:\/\/schema.org","@graph":[{"@type":"WebPage","@id":"https:\/\/upd-initiative.ch\/fr\/","url":"https:\/\/upd-initiative.ch\/fr\/","name":"Unlocking the Power of Data Initiative","isPartOf":{"@id":"https:\/\/upd-initiative.ch\/fr\/#website"},"datePublished":"2025-08-08T04:51:05+00:00","dateModified":"2025-08-08T05:45:53+00:00","description":"Dans un monde en constante \u00e9volution, il nous faut toujours plus de donn\u00e9es pour comprendre et relever les d\u00e9fis auxquels la population mondiale est confront\u00e9e. L\u2019Unlocking the Power of Data Initiative souhaite combler le foss\u00e9 entre la communaut\u00e9 des donn\u00e9es et de la statistique et un ensemble de parties prenantes, afin de faire progresser nos \u00e9cosyst\u00e8mes de donn\u00e9es et de fournir les informations n\u00e9cessaires \u00e0 une vision du monde bas\u00e9e sur les faits.","breadcrumb":{"@id":"https:\/\/upd-initiative.ch\/fr\/#breadcrumb"},"inLanguage":"fr-FR","potentialAction":[{"@type":"ReadAction","target":["https:\/\/upd-initiative.ch\/fr\/"]}]},{"@type":"BreadcrumbList","@id":"https:\/\/upd-initiative.ch\/fr\/#breadcrumb","itemListElement":[{"@type":"ListItem","position":1,"name":"Home","item":"https:\/\/upd-initiative.ch\/fr\/"},{"@type":"ListItem","position":2,"name":"Home"}]},{"@type":"WebSite","@id":"https:\/\/upd-initiative.ch\/fr\/#website","url":"https:\/\/upd-initiative.ch\/fr\/","name":"Unlocking the Power of Data Initiative","description":"","publisher":{"@id":"https:\/\/upd-initiative.ch\/fr\/#organization"},"potentialAction":[{"@type":"SearchAction","target":{"@type":"EntryPoint","urlTemplate":"https:\/\/upd-initiative.ch\/fr\/?s={search_term_string}"},"query-input":{"@type":"PropertyValueSpecification","valueRequired":true,"valueName":"search_term_string"}}],"inLanguage":"fr-FR"},{"@type":"Organization","@id":"https:\/\/upd-initiative.ch\/fr\/#organization","name":"Unlocking the Power of Data Initiative","url":"https:\/\/upd-initiative.ch\/fr\/","logo":{"@type":"ImageObject","inLanguage":"fr-FR","@id":"https:\/\/upd-initiative.ch\/fr\/#\/schema\/logo\/image\/","url":"https:\/\/upd-initiative.ch\/wp-content\/uploads\/2022\/04\/Logo-UPDI-Color-RGB-white-bg-some-325px.jpg","contentUrl":"https:\/\/upd-initiative.ch\/wp-content\/uploads\/2022\/04\/Logo-UPDI-Color-RGB-white-bg-some-325px.jpg","width":325,"height":325,"caption":"Unlocking the Power of Data Initiative"},"image":{"@id":"https:\/\/upd-initiative.ch\/fr\/#\/schema\/logo\/image\/"}}]}},"_links":{"self":[{"href":"https:\/\/upd-initiative.ch\/fr\/wp-json\/wp\/v2\/pages\/7884","targetHints":{"allow":["GET"]}}],"collection":[{"href":"https:\/\/upd-initiative.ch\/fr\/wp-json\/wp\/v2\/pages"}],"about":[{"href":"https:\/\/upd-initiative.ch\/fr\/wp-json\/wp\/v2\/types\/page"}],"author":[{"embeddable":true,"href":"https:\/\/upd-initiative.ch\/fr\/wp-json\/wp\/v2\/users\/1"}],"replies":[{"embeddable":true,"href":"https:\/\/upd-initiative.ch\/fr\/wp-json\/wp\/v2\/comments?post=7884"}],"version-history":[{"count":7,"href":"https:\/\/upd-initiative.ch\/fr\/wp-json\/wp\/v2\/pages\/7884\/revisions"}],"predecessor-version":[{"id":7936,"href":"https:\/\/upd-initiative.ch\/fr\/wp-json\/wp\/v2\/pages\/7884\/revisions\/7936"}],"wp:attachment":[{"href":"https:\/\/upd-initiative.ch\/fr\/wp-json\/wp\/v2\/media?parent=7884"}],"curies":[{"name":"wp","href":"https:\/\/api.w.org\/{rel}","templated":true}]}}