{"id":6785,"date":"2023-12-12T18:11:32","date_gmt":"2023-12-12T17:11:32","guid":{"rendered":"https:\/\/upd-initiative.ch\/?page_id=6785"},"modified":"2025-08-08T06:17:23","modified_gmt":"2025-08-08T05:17:23","slug":"durabilite-unwdf-2021","status":"publish","type":"page","link":"https:\/\/upd-initiative.ch\/fr\/durabilite-unwdf-2021\/","title":{"rendered":"Durabilit\u00e9 \u00e0 l\u2019UNWDF 2021"},"content":{"rendered":"<div class=\"wpb-content-wrapper\"><p>[vc_row el_class=\u00a0\u00bbdurabilite\u00a0\u00bb][vc_column offset=\u00a0\u00bbvc_col-xs-12&Prime;][vc_column_text css=\u00a0\u00bb.vc_custom_1702401238245{padding-top: 30px !important;}\u00a0\u00bb]Le principal d\u00e9fi \u00e9tait de ma\u00eetriser au mieux les \u00e9missions de CO<sub>2<\/sub>, la gestion des d\u00e9chets et la consommation d\u2019eau, sans n\u00e9gliger les aspects sociaux et \u00e9conomiques. Il s\u2019agissait bien entendu aussi de veiller \u00e0 l\u2019\u00e9galit\u00e9 des sexes, \u00e0 une repr\u00e9sentation g\u00e9ographique \u00e9quilibr\u00e9e, \u00e0 l\u2019accessibilit\u00e9 des lieux aux personnes en situation de handicap et aux retomb\u00e9es \u00e9conomiques que l\u2019\u00e9v\u00e9nement pouvait apporter \u00e0 la r\u00e9gion de Berne et \u00e0 la Suisse.<\/p>\n<p>C\u2019\u00e9tait la premi\u00e8re fois que le forum \u00e9tait organis\u00e9 dans un souci de durabilit\u00e9. En tant que pays h\u00f4te, la Conf\u00e9d\u00e9ration suisse esp\u00e8re avoir pourvu un cadre propice \u00e0 des discussions constructives afin d\u2019am\u00e9liorer l\u2019utilisation des donn\u00e9es et de garantir que personne ne soit laiss\u00e9 de c\u00f4t\u00e9.[\/vc_column_text][\/vc_column][\/vc_row][vc_row el_class=\u00a0\u00bbdurabilite documents\u00a0\u00bb][vc_column][vc_column_text el_class=\u00a0\u00bbunwdf-day\u00a0\u00bb css=\u00a0\u00bb.vc_custom_1635343606766{margin-bottom: 0px !important;padding-bottom: 18px !important;}\u00a0\u00bb]<\/p>\n<h3>Documents<\/h3>\n<p>[\/vc_column_text][vc_row_inner el_class=\u00a0\u00bbdocuments\u00a0\u00bb][vc_column_inner width=\u00a0\u00bb1\/3&Prime;][vc_column_text css=\u00a0\u00bb.vc_custom_1656422549480{margin-bottom: 5px !important;padding-bottom: 0px !important;}\u00a0\u00bb]<\/p>\n<p class=\"FW500\">Concept de durabilit\u00e9<br \/>\nUNWDF 2021<\/p>\n<p>[\/vc_column_text][vc_column_text]<a href=\"https:\/\/upd-initiative.ch\/wp-content\/uploads\/2022\/09\/Flyer-Nachhaltigkeitsbroschure-fr.pdf\" target=\"_blank\" rel=\"noopener noreferrer\">T\u00e9l\u00e9charger PDF<\/a>[\/vc_column_text][\/vc_column_inner][vc_column_inner width=\u00a0\u00bb1\/3&Prime;][vc_column_text css=\u00a0\u00bb.vc_custom_1656422585776{margin-bottom: 5px !important;padding-right: 30px !important;padding-bottom: 0px !important;}\u00a0\u00bb]<\/p>\n<p class=\"FW500\">Rapport sur la mise en \u0153uvre du concept de durabilit\u00e9<\/p>\n<p>[\/vc_column_text][vc_column_text]<a href=\"https:\/\/upd-initiative.ch\/wp-content\/uploads\/2022\/06\/Report-SustainabilityConcept-UNWDF2021-en.pdf\" target=\"_blank\" rel=\"noopener noreferrer\">T\u00e9l\u00e9charger PDF<\/a>[\/vc_column_text][\/vc_column_inner][vc_column_inner width=\u00a0\u00bb1\/3&Prime;][vc_column_text css=\u00a0\u00bb.vc_custom_1656422618497{margin-bottom: 5px !important;padding-bottom: 0px !important;}\u00a0\u00bb]<\/p>\n<p class=\"FW500\">Bilan carbone de l&rsquo;\u00e9v\u00e9nement \u2013<br \/>\nr\u00e9dig\u00e9 par ClimatePartner<\/p>\n<p>[\/vc_column_text][vc_column_text]<a href=\"https:\/\/upd-initiative.ch\/wp-content\/uploads\/2022\/06\/Event-carbon-footprint-en.pdf\" target=\"_blank\" rel=\"noopener noreferrer\">T\u00e9l\u00e9charger PDF<\/a>[\/vc_column_text][\/vc_column_inner][\/vc_row_inner][vc_row_inner][vc_column_inner width=\u00a0\u00bb1\/3&Prime;][vc_single_image image=\u00a0\u00bb4089&Prime; img_size=\u00a0\u00bb\u00a0\u00bb onclick=\u00a0\u00bbcustom_link\u00a0\u00bb link=\u00a0\u00bbhttps:\/\/upd-initiative.ch\/wp-content\/uploads\/2022\/09\/Flyer-Nachhaltigkeitsbroschure-fr.pdf\u00a0\u00bb][\/vc_column_inner][vc_column_inner width=\u00a0\u00bb1\/3&Prime;][vc_single_image image=\u00a0\u00bb3369&Prime; img_size=\u00a0\u00bb\u00a0\u00bb onclick=\u00a0\u00bbcustom_link\u00a0\u00bb link=\u00a0\u00bbhttps:\/\/upd-initiative.ch\/wp-content\/uploads\/2022\/06\/Report-SustainabilityConcept-UNWDF2021-en.pdf\u00a0\u00bb][\/vc_column_inner][vc_column_inner width=\u00a0\u00bb1\/3&Prime;][vc_single_image image=\u00a0\u00bb3366&Prime; img_size=\u00a0\u00bb\u00a0\u00bb onclick=\u00a0\u00bbcustom_link\u00a0\u00bb link=\u00a0\u00bbhttps:\/\/upd-initiative.ch\/wp-content\/uploads\/2022\/06\/Event-carbon-footprint-en.pdf\u00a0\u00bb][\/vc_column_inner][\/vc_row_inner][\/vc_column][\/vc_row]<\/p>\n<\/div>","protected":false},"excerpt":{"rendered":"<p>[vc_row el_class=\u00a0\u00bbdurabilite\u00a0\u00bb][vc_column offset=\u00a0\u00bbvc_col-xs-12&Prime;][vc_column_text css=\u00a0\u00bb.vc_custom_1702401238245{padding-top: 30px !important;}\u00a0\u00bb]Le principal d\u00e9fi \u00e9tait de ma\u00eetriser au mieux les \u00e9missions de CO2, la gestion des d\u00e9chets et la consommation d\u2019eau, sans n\u00e9gliger les aspects sociaux et \u00e9conomiques. Il s\u2019agissait bien entendu aussi de veiller \u00e0&#8230;<\/p>\n","protected":false},"author":1,"featured_media":0,"parent":0,"menu_order":0,"comment_status":"closed","ping_status":"closed","template":"","meta":{"_vp_format_video_url":"","_vp_image_focal_point":[],"footnotes":""},"class_list":["post-6785","page","type-page","status-publish","hentry"],"yoast_head":"<!-- This site is optimized with the Yoast SEO plugin v27.3 - https:\/\/yoast.com\/product\/yoast-seo-wordpress\/ -->\n<title>Durabilit\u00e9 \u00e0 l\u2019UNWDF 2021 - Unlocking the Power of Data Initiative<\/title>\n<meta name=\"robots\" content=\"index, follow, max-snippet:-1, max-image-preview:large, max-video-preview:-1\" \/>\n<link rel=\"canonical\" href=\"https:\/\/upd-initiative.ch\/fr\/durabilite-unwdf-2021\/\" \/>\n<meta property=\"og:locale\" content=\"fr_FR\" \/>\n<meta property=\"og:type\" content=\"article\" \/>\n<meta property=\"og:title\" content=\"Durabilit\u00e9 \u00e0 l\u2019UNWDF 2021 - Unlocking the Power of Data Initiative\" \/>\n<meta property=\"og:description\" content=\"[vc_row el_class=\u00a0\u00bbdurabilite\u00a0\u00bb][vc_column offset=\u00a0\u00bbvc_col-xs-12&Prime;][vc_column_text css=\u00a0\u00bb.vc_custom_1702401238245{padding-top: 30px !important;}\u00a0\u00bb]Le principal d\u00e9fi \u00e9tait de ma\u00eetriser au mieux les \u00e9missions de CO2, la gestion des d\u00e9chets et la consommation d\u2019eau, sans n\u00e9gliger les aspects sociaux et \u00e9conomiques. Il s\u2019agissait bien entendu aussi de veiller \u00e0...\" \/>\n<meta property=\"og:url\" content=\"https:\/\/upd-initiative.ch\/fr\/durabilite-unwdf-2021\/\" \/>\n<meta property=\"og:site_name\" content=\"Unlocking the Power of Data Initiative\" \/>\n<meta property=\"article:modified_time\" content=\"2025-08-08T05:17:23+00:00\" \/>\n<meta property=\"og:image\" content=\"https:\/\/upd-initiative.ch\/wp-content\/uploads\/2022\/04\/Logo-UPDI-Color-RGB-white-bg-some-1190px.jpg\" \/>\n\t<meta property=\"og:image:width\" content=\"1190\" \/>\n\t<meta property=\"og:image:height\" content=\"704\" \/>\n\t<meta property=\"og:image:type\" content=\"image\/jpeg\" \/>\n<meta name=\"twitter:card\" content=\"summary_large_image\" \/>\n<script type=\"application\/ld+json\" class=\"yoast-schema-graph\">{\"@context\":\"https:\\\/\\\/schema.org\",\"@graph\":[{\"@type\":\"WebPage\",\"@id\":\"https:\\\/\\\/upd-initiative.ch\\\/fr\\\/durabilite-unwdf-2021\\\/\",\"url\":\"https:\\\/\\\/upd-initiative.ch\\\/fr\\\/durabilite-unwdf-2021\\\/\",\"name\":\"Durabilit\u00e9 \u00e0 l\u2019UNWDF 2021 - Unlocking the Power of Data Initiative\",\"isPartOf\":{\"@id\":\"https:\\\/\\\/upd-initiative.ch\\\/fr\\\/#website\"},\"datePublished\":\"2023-12-12T17:11:32+00:00\",\"dateModified\":\"2025-08-08T05:17:23+00:00\",\"breadcrumb\":{\"@id\":\"https:\\\/\\\/upd-initiative.ch\\\/fr\\\/durabilite-unwdf-2021\\\/#breadcrumb\"},\"inLanguage\":\"fr-FR\",\"potentialAction\":[{\"@type\":\"ReadAction\",\"target\":[\"https:\\\/\\\/upd-initiative.ch\\\/fr\\\/durabilite-unwdf-2021\\\/\"]}]},{\"@type\":\"BreadcrumbList\",\"@id\":\"https:\\\/\\\/upd-initiative.ch\\\/fr\\\/durabilite-unwdf-2021\\\/#breadcrumb\",\"itemListElement\":[{\"@type\":\"ListItem\",\"position\":1,\"name\":\"Home\",\"item\":\"https:\\\/\\\/upd-initiative.ch\\\/fr\\\/\"},{\"@type\":\"ListItem\",\"position\":2,\"name\":\"Durabilit\u00e9 \u00e0 l\u2019UNWDF 2021\"}]},{\"@type\":\"WebSite\",\"@id\":\"https:\\\/\\\/upd-initiative.ch\\\/fr\\\/#website\",\"url\":\"https:\\\/\\\/upd-initiative.ch\\\/fr\\\/\",\"name\":\"Unlocking the Power of Data Initiative\",\"description\":\"\",\"publisher\":{\"@id\":\"https:\\\/\\\/upd-initiative.ch\\\/fr\\\/#organization\"},\"potentialAction\":[{\"@type\":\"SearchAction\",\"target\":{\"@type\":\"EntryPoint\",\"urlTemplate\":\"https:\\\/\\\/upd-initiative.ch\\\/fr\\\/?s={search_term_string}\"},\"query-input\":{\"@type\":\"PropertyValueSpecification\",\"valueRequired\":true,\"valueName\":\"search_term_string\"}}],\"inLanguage\":\"fr-FR\"},{\"@type\":\"Organization\",\"@id\":\"https:\\\/\\\/upd-initiative.ch\\\/fr\\\/#organization\",\"name\":\"Unlocking the Power of Data Initiative\",\"url\":\"https:\\\/\\\/upd-initiative.ch\\\/fr\\\/\",\"logo\":{\"@type\":\"ImageObject\",\"inLanguage\":\"fr-FR\",\"@id\":\"https:\\\/\\\/upd-initiative.ch\\\/fr\\\/#\\\/schema\\\/logo\\\/image\\\/\",\"url\":\"https:\\\/\\\/upd-initiative.ch\\\/wp-content\\\/uploads\\\/2022\\\/04\\\/Logo-UPDI-Color-RGB-white-bg-some-325px.jpg\",\"contentUrl\":\"https:\\\/\\\/upd-initiative.ch\\\/wp-content\\\/uploads\\\/2022\\\/04\\\/Logo-UPDI-Color-RGB-white-bg-some-325px.jpg\",\"width\":325,\"height\":325,\"caption\":\"Unlocking the Power of Data Initiative\"},\"image\":{\"@id\":\"https:\\\/\\\/upd-initiative.ch\\\/fr\\\/#\\\/schema\\\/logo\\\/image\\\/\"}}]}<\/script>\n<!-- \/ Yoast SEO plugin. -->","yoast_head_json":{"title":"Durabilit\u00e9 \u00e0 l\u2019UNWDF 2021 - Unlocking the Power of Data Initiative","robots":{"index":"index","follow":"follow","max-snippet":"max-snippet:-1","max-image-preview":"max-image-preview:large","max-video-preview":"max-video-preview:-1"},"canonical":"https:\/\/upd-initiative.ch\/fr\/durabilite-unwdf-2021\/","og_locale":"fr_FR","og_type":"article","og_title":"Durabilit\u00e9 \u00e0 l\u2019UNWDF 2021 - Unlocking the Power of Data Initiative","og_description":"[vc_row el_class=\u00a0\u00bbdurabilite\u00a0\u00bb][vc_column offset=\u00a0\u00bbvc_col-xs-12&Prime;][vc_column_text css=\u00a0\u00bb.vc_custom_1702401238245{padding-top: 30px !important;}\u00a0\u00bb]Le principal d\u00e9fi \u00e9tait de ma\u00eetriser au mieux les \u00e9missions de CO2, la gestion des d\u00e9chets et la consommation d\u2019eau, sans n\u00e9gliger les aspects sociaux et \u00e9conomiques. Il s\u2019agissait bien entendu aussi de veiller \u00e0...","og_url":"https:\/\/upd-initiative.ch\/fr\/durabilite-unwdf-2021\/","og_site_name":"Unlocking the Power of Data Initiative","article_modified_time":"2025-08-08T05:17:23+00:00","og_image":[{"width":1190,"height":704,"url":"https:\/\/upd-initiative.ch\/wp-content\/uploads\/2022\/04\/Logo-UPDI-Color-RGB-white-bg-some-1190px.jpg","type":"image\/jpeg"}],"twitter_card":"summary_large_image","schema":{"@context":"https:\/\/schema.org","@graph":[{"@type":"WebPage","@id":"https:\/\/upd-initiative.ch\/fr\/durabilite-unwdf-2021\/","url":"https:\/\/upd-initiative.ch\/fr\/durabilite-unwdf-2021\/","name":"Durabilit\u00e9 \u00e0 l\u2019UNWDF 2021 - Unlocking the Power of Data Initiative","isPartOf":{"@id":"https:\/\/upd-initiative.ch\/fr\/#website"},"datePublished":"2023-12-12T17:11:32+00:00","dateModified":"2025-08-08T05:17:23+00:00","breadcrumb":{"@id":"https:\/\/upd-initiative.ch\/fr\/durabilite-unwdf-2021\/#breadcrumb"},"inLanguage":"fr-FR","potentialAction":[{"@type":"ReadAction","target":["https:\/\/upd-initiative.ch\/fr\/durabilite-unwdf-2021\/"]}]},{"@type":"BreadcrumbList","@id":"https:\/\/upd-initiative.ch\/fr\/durabilite-unwdf-2021\/#breadcrumb","itemListElement":[{"@type":"ListItem","position":1,"name":"Home","item":"https:\/\/upd-initiative.ch\/fr\/"},{"@type":"ListItem","position":2,"name":"Durabilit\u00e9 \u00e0 l\u2019UNWDF 2021"}]},{"@type":"WebSite","@id":"https:\/\/upd-initiative.ch\/fr\/#website","url":"https:\/\/upd-initiative.ch\/fr\/","name":"Unlocking the Power of Data Initiative","description":"","publisher":{"@id":"https:\/\/upd-initiative.ch\/fr\/#organization"},"potentialAction":[{"@type":"SearchAction","target":{"@type":"EntryPoint","urlTemplate":"https:\/\/upd-initiative.ch\/fr\/?s={search_term_string}"},"query-input":{"@type":"PropertyValueSpecification","valueRequired":true,"valueName":"search_term_string"}}],"inLanguage":"fr-FR"},{"@type":"Organization","@id":"https:\/\/upd-initiative.ch\/fr\/#organization","name":"Unlocking the Power of Data Initiative","url":"https:\/\/upd-initiative.ch\/fr\/","logo":{"@type":"ImageObject","inLanguage":"fr-FR","@id":"https:\/\/upd-initiative.ch\/fr\/#\/schema\/logo\/image\/","url":"https:\/\/upd-initiative.ch\/wp-content\/uploads\/2022\/04\/Logo-UPDI-Color-RGB-white-bg-some-325px.jpg","contentUrl":"https:\/\/upd-initiative.ch\/wp-content\/uploads\/2022\/04\/Logo-UPDI-Color-RGB-white-bg-some-325px.jpg","width":325,"height":325,"caption":"Unlocking the Power of Data Initiative"},"image":{"@id":"https:\/\/upd-initiative.ch\/fr\/#\/schema\/logo\/image\/"}}]}},"_links":{"self":[{"href":"https:\/\/upd-initiative.ch\/fr\/wp-json\/wp\/v2\/pages\/6785","targetHints":{"allow":["GET"]}}],"collection":[{"href":"https:\/\/upd-initiative.ch\/fr\/wp-json\/wp\/v2\/pages"}],"about":[{"href":"https:\/\/upd-initiative.ch\/fr\/wp-json\/wp\/v2\/types\/page"}],"author":[{"embeddable":true,"href":"https:\/\/upd-initiative.ch\/fr\/wp-json\/wp\/v2\/users\/1"}],"replies":[{"embeddable":true,"href":"https:\/\/upd-initiative.ch\/fr\/wp-json\/wp\/v2\/comments?post=6785"}],"version-history":[{"count":3,"href":"https:\/\/upd-initiative.ch\/fr\/wp-json\/wp\/v2\/pages\/6785\/revisions"}],"predecessor-version":[{"id":7078,"href":"https:\/\/upd-initiative.ch\/fr\/wp-json\/wp\/v2\/pages\/6785\/revisions\/7078"}],"wp:attachment":[{"href":"https:\/\/upd-initiative.ch\/fr\/wp-json\/wp\/v2\/media?parent=6785"}],"curies":[{"name":"wp","href":"https:\/\/api.w.org\/{rel}","templated":true}]}}