{"id":3577,"date":"2022-06-16T13:06:48","date_gmt":"2022-06-16T12:06:48","guid":{"rendered":"https:\/\/www.projectrosling.ch\/?page_id=3577"},"modified":"2025-08-08T06:17:50","modified_gmt":"2025-08-08T05:17:50","slug":"durabilite","status":"publish","type":"page","link":"https:\/\/upd-initiative.ch\/fr\/durabilite\/","title":{"rendered":"Durabilit\u00e9"},"content":{"rendered":"<div class=\"wpb-content-wrapper\"><p>[vc_row el_class=\u00a0\u00bbdurabilite\u00a0\u00bb][vc_column offset=\u00a0\u00bbvc_col-xs-12&Prime;][vc_column_text css=\u00a0\u00bb.vc_custom_1702489632608{margin-bottom: 0px !important;}\u00a0\u00bb]<\/p>\n<h2>Concept de durabilit\u00e9<\/h2>\n<p>Les offices f\u00e9d\u00e9raux ont la t\u00e2che essentielle d\u2019organiser les \u00e9v\u00e9nements nationaux et internationaux de la Conf\u00e9d\u00e9ration. La durabilit\u00e9 et sa mise en \u0153uvre concernent les aspects sociaux, \u00e9conomiques et environnementaux. La durabilit\u00e9, et donc la pr\u00e9servation des ressources, sont essentielles lors de l\u2019organisation de ces \u00e9v\u00e9nements. L\u2019\u00e9laboration du pr\u00e9sent concept a pris en compte les trois dimensions cit\u00e9es ci-dessus.<\/p>\n<p>Le pr\u00e9sent concept se fonde sur le concept de durabilit\u00e9 \u00e9labor\u00e9 et appliqu\u00e9 dans le cadre du \u00ab3<sup>e<\/sup>\u00a0Forum mondial des Nations unies sur les donn\u00e9es (UNWDF)\u00bb qui s\u2019est tenu en octobre\u00a02021.<\/p>\n<p>Le pr\u00e9sent concept tient en outre compte d\u2019autres documents, recommandations et d\u00e9cisions en vigueur au sein de l\u2019administration f\u00e9d\u00e9rale, et s\u2019appuie sur des exemples pratiques eux aussi r\u00e9guli\u00e8rement mis en \u0153uvre par diff\u00e9rents acteurs.<\/p>\n<p>Les ann\u00e9es de pand\u00e9mie ont mis en lumi\u00e8re les diff\u00e9rents types de manifestations possibles. On parle aujourd\u2019hui de trois types: a) les \u00e9v\u00e9nements en pr\u00e9sentiel, b) les \u00e9v\u00e9nements hybrides et c) les \u00e9v\u00e9nements virtuels.<\/p>\n<p>Selon la devise \u00abne laisser personne pour compte\u00bb (<em>Leaving no one behind<\/em>), il s\u2019agit de trouver des solutions pour une mise en \u0153uvre plus durable qui impliquent l\u2019environnement, l\u2019humain et l\u2019\u00e9conomie locale dans un esprit de durabilit\u00e9. Sans \u00eatre exhaustives, les mesures et recommandations mentionn\u00e9es ci-dessous peuvent servir de base et de lignes directrices en mati\u00e8re d\u2019organisation de manifestations nationales et internationales. Bien entendu, elles sont \u00e9galement applicables en dehors de l\u2019administration f\u00e9d\u00e9rale.<\/p>\n<p>Vous trouverez le concept en PDF au bas de cette page.<\/p>\n<p>Les mesures et recommandations, \u00e9galement filtr\u00e9es selon les ODD, se trouvent ici :\u00a0<a href=\"https:\/\/upd-initiative.ch\/fr\/mesures-et-recommandations\/\">https:\/\/upd-initiative.ch\/fr\/mesures-et-recommandations\/<\/a><\/p>\n<p>Le configurateur pour votre \u00e9v\u00e9nement se trouve ici :\u00a0<a href=\"https:\/\/upd-initiative.ch\/fr\/configurateur\/\">https:\/\/upd-initiative.ch\/fr\/configurateur\/<\/a><\/p>\n<p>Le concept de l&rsquo;UNWDF et l&rsquo;analyse de sa mise en \u0153uvre sont disponibles ici :\u00a0<a href=\"https:\/\/upd-initiative.ch\/fr\/durabilite-unwdf-2021\/\">https:\/\/upd-initiative.ch\/fr\/durabilite-unwdf-2021\/<\/a><\/p>\n<p>Amusez-vous bien ![\/vc_column_text][\/vc_column][\/vc_row][vc_row][vc_column][vc_column_text]<\/p>\n<h3>Document<\/h3>\n<p>[\/vc_column_text][vc_row_inner el_class=\u00a0\u00bbdocuments\u00a0\u00bb][vc_column_inner width=\u00a0\u00bb1\/3&Prime;][vc_column_text css=\u00a0\u00bb.vc_custom_1702488161060{margin-bottom: 5px !important;padding-bottom: 0px !important;}\u00a0\u00bb]<\/p>\n<p class=\"FW500\">Organiser des \u00e9v\u00e9nements durables &#8211;<br \/>\nun concept de durabilit\u00e9<\/p>\n<p>[\/vc_column_text][vc_column_text]<a href=\"https:\/\/upd-initiative.ch\/wp-content\/uploads\/2023\/12\/organiser-des-evenements-durables-un-concept-de-durabilite.pdf\" target=\"_blank\" rel=\"noopener noreferrer\">T\u00e9l\u00e9charger PDF<\/a>[\/vc_column_text][\/vc_column_inner][\/vc_row_inner][vc_row_inner][vc_column_inner width=\u00a0\u00bb1\/3&Prime;][vc_single_image image=\u00a0\u00bb7103&Prime; img_size=\u00a0\u00bb\u00a0\u00bb onclick=\u00a0\u00bbcustom_link\u00a0\u00bb link=\u00a0\u00bbhttps:\/\/upd-initiative.ch\/wp-content\/uploads\/2023\/12\/organiser-des-evenements-durables-un-concept-de-durabilite.pdf\u00a0\u00bb el_class=\u00a0\u00bbcustom-border-pdf\u00a0\u00bb][\/vc_column_inner][\/vc_row_inner][\/vc_column][\/vc_row]<\/p>\n<\/div>","protected":false},"excerpt":{"rendered":"<p>[vc_row el_class=\u00a0\u00bbdurabilite\u00a0\u00bb][vc_column offset=\u00a0\u00bbvc_col-xs-12&Prime;][vc_column_text css=\u00a0\u00bb.vc_custom_1702489632608{margin-bottom: 0px !important;}\u00a0\u00bb] Concept de durabilit\u00e9 Les offices f\u00e9d\u00e9raux ont la t\u00e2che essentielle d\u2019organiser les \u00e9v\u00e9nements nationaux et internationaux de la Conf\u00e9d\u00e9ration. La durabilit\u00e9 et sa mise en \u0153uvre concernent les aspects sociaux, \u00e9conomiques et environnementaux. La&#8230;<\/p>\n","protected":false},"author":1,"featured_media":0,"parent":0,"menu_order":0,"comment_status":"closed","ping_status":"closed","template":"","meta":{"_vp_format_video_url":"","_vp_image_focal_point":[],"footnotes":""},"class_list":["post-3577","page","type-page","status-publish","hentry"],"yoast_head":"<!-- This site is optimized with the Yoast SEO plugin v27.3 - https:\/\/yoast.com\/product\/yoast-seo-wordpress\/ -->\n<title>Durabilit\u00e9 - Unlocking the Power of Data Initiative<\/title>\n<meta name=\"robots\" content=\"index, follow, max-snippet:-1, max-image-preview:large, max-video-preview:-1\" \/>\n<link rel=\"canonical\" href=\"https:\/\/upd-initiative.ch\/fr\/durabilite\/\" \/>\n<meta property=\"og:locale\" content=\"fr_FR\" \/>\n<meta property=\"og:type\" content=\"article\" \/>\n<meta property=\"og:title\" content=\"Durabilit\u00e9 - Unlocking the Power of Data Initiative\" \/>\n<meta property=\"og:description\" content=\"[vc_row el_class=\u00a0\u00bbdurabilite\u00a0\u00bb][vc_column offset=\u00a0\u00bbvc_col-xs-12&Prime;][vc_column_text css=\u00a0\u00bb.vc_custom_1702489632608{margin-bottom: 0px !important;}\u00a0\u00bb] Concept de durabilit\u00e9 Les offices f\u00e9d\u00e9raux ont la t\u00e2che essentielle d\u2019organiser les \u00e9v\u00e9nements nationaux et internationaux de la Conf\u00e9d\u00e9ration. La durabilit\u00e9 et sa mise en \u0153uvre concernent les aspects sociaux, \u00e9conomiques et environnementaux. La...\" \/>\n<meta property=\"og:url\" content=\"https:\/\/upd-initiative.ch\/fr\/durabilite\/\" \/>\n<meta property=\"og:site_name\" content=\"Unlocking the Power of Data Initiative\" \/>\n<meta property=\"article:modified_time\" content=\"2025-08-08T05:17:50+00:00\" \/>\n<meta property=\"og:image\" content=\"https:\/\/upd-initiative.ch\/wp-content\/uploads\/2022\/04\/Logo-UPDI-Color-RGB-white-bg-some-1190px.jpg\" \/>\n\t<meta property=\"og:image:width\" content=\"1190\" \/>\n\t<meta property=\"og:image:height\" content=\"704\" \/>\n\t<meta property=\"og:image:type\" content=\"image\/jpeg\" \/>\n<meta name=\"twitter:card\" content=\"summary_large_image\" \/>\n<script type=\"application\/ld+json\" class=\"yoast-schema-graph\">{\"@context\":\"https:\\\/\\\/schema.org\",\"@graph\":[{\"@type\":\"WebPage\",\"@id\":\"https:\\\/\\\/upd-initiative.ch\\\/fr\\\/durabilite\\\/\",\"url\":\"https:\\\/\\\/upd-initiative.ch\\\/fr\\\/durabilite\\\/\",\"name\":\"Durabilit\u00e9 - Unlocking the Power of Data Initiative\",\"isPartOf\":{\"@id\":\"https:\\\/\\\/upd-initiative.ch\\\/fr\\\/#website\"},\"datePublished\":\"2022-06-16T12:06:48+00:00\",\"dateModified\":\"2025-08-08T05:17:50+00:00\",\"breadcrumb\":{\"@id\":\"https:\\\/\\\/upd-initiative.ch\\\/fr\\\/durabilite\\\/#breadcrumb\"},\"inLanguage\":\"fr-FR\",\"potentialAction\":[{\"@type\":\"ReadAction\",\"target\":[\"https:\\\/\\\/upd-initiative.ch\\\/fr\\\/durabilite\\\/\"]}]},{\"@type\":\"BreadcrumbList\",\"@id\":\"https:\\\/\\\/upd-initiative.ch\\\/fr\\\/durabilite\\\/#breadcrumb\",\"itemListElement\":[{\"@type\":\"ListItem\",\"position\":1,\"name\":\"Home\",\"item\":\"https:\\\/\\\/upd-initiative.ch\\\/fr\\\/\"},{\"@type\":\"ListItem\",\"position\":2,\"name\":\"Durabilit\u00e9\"}]},{\"@type\":\"WebSite\",\"@id\":\"https:\\\/\\\/upd-initiative.ch\\\/fr\\\/#website\",\"url\":\"https:\\\/\\\/upd-initiative.ch\\\/fr\\\/\",\"name\":\"Unlocking the Power of Data Initiative\",\"description\":\"\",\"publisher\":{\"@id\":\"https:\\\/\\\/upd-initiative.ch\\\/fr\\\/#organization\"},\"potentialAction\":[{\"@type\":\"SearchAction\",\"target\":{\"@type\":\"EntryPoint\",\"urlTemplate\":\"https:\\\/\\\/upd-initiative.ch\\\/fr\\\/?s={search_term_string}\"},\"query-input\":{\"@type\":\"PropertyValueSpecification\",\"valueRequired\":true,\"valueName\":\"search_term_string\"}}],\"inLanguage\":\"fr-FR\"},{\"@type\":\"Organization\",\"@id\":\"https:\\\/\\\/upd-initiative.ch\\\/fr\\\/#organization\",\"name\":\"Unlocking the Power of Data Initiative\",\"url\":\"https:\\\/\\\/upd-initiative.ch\\\/fr\\\/\",\"logo\":{\"@type\":\"ImageObject\",\"inLanguage\":\"fr-FR\",\"@id\":\"https:\\\/\\\/upd-initiative.ch\\\/fr\\\/#\\\/schema\\\/logo\\\/image\\\/\",\"url\":\"https:\\\/\\\/upd-initiative.ch\\\/wp-content\\\/uploads\\\/2022\\\/04\\\/Logo-UPDI-Color-RGB-white-bg-some-325px.jpg\",\"contentUrl\":\"https:\\\/\\\/upd-initiative.ch\\\/wp-content\\\/uploads\\\/2022\\\/04\\\/Logo-UPDI-Color-RGB-white-bg-some-325px.jpg\",\"width\":325,\"height\":325,\"caption\":\"Unlocking the Power of Data Initiative\"},\"image\":{\"@id\":\"https:\\\/\\\/upd-initiative.ch\\\/fr\\\/#\\\/schema\\\/logo\\\/image\\\/\"}}]}<\/script>\n<!-- \/ Yoast SEO plugin. -->","yoast_head_json":{"title":"Durabilit\u00e9 - Unlocking the Power of Data Initiative","robots":{"index":"index","follow":"follow","max-snippet":"max-snippet:-1","max-image-preview":"max-image-preview:large","max-video-preview":"max-video-preview:-1"},"canonical":"https:\/\/upd-initiative.ch\/fr\/durabilite\/","og_locale":"fr_FR","og_type":"article","og_title":"Durabilit\u00e9 - Unlocking the Power of Data Initiative","og_description":"[vc_row el_class=\u00a0\u00bbdurabilite\u00a0\u00bb][vc_column offset=\u00a0\u00bbvc_col-xs-12&Prime;][vc_column_text css=\u00a0\u00bb.vc_custom_1702489632608{margin-bottom: 0px !important;}\u00a0\u00bb] Concept de durabilit\u00e9 Les offices f\u00e9d\u00e9raux ont la t\u00e2che essentielle d\u2019organiser les \u00e9v\u00e9nements nationaux et internationaux de la Conf\u00e9d\u00e9ration. La durabilit\u00e9 et sa mise en \u0153uvre concernent les aspects sociaux, \u00e9conomiques et environnementaux. La...","og_url":"https:\/\/upd-initiative.ch\/fr\/durabilite\/","og_site_name":"Unlocking the Power of Data Initiative","article_modified_time":"2025-08-08T05:17:50+00:00","og_image":[{"width":1190,"height":704,"url":"https:\/\/upd-initiative.ch\/wp-content\/uploads\/2022\/04\/Logo-UPDI-Color-RGB-white-bg-some-1190px.jpg","type":"image\/jpeg"}],"twitter_card":"summary_large_image","schema":{"@context":"https:\/\/schema.org","@graph":[{"@type":"WebPage","@id":"https:\/\/upd-initiative.ch\/fr\/durabilite\/","url":"https:\/\/upd-initiative.ch\/fr\/durabilite\/","name":"Durabilit\u00e9 - Unlocking the Power of Data Initiative","isPartOf":{"@id":"https:\/\/upd-initiative.ch\/fr\/#website"},"datePublished":"2022-06-16T12:06:48+00:00","dateModified":"2025-08-08T05:17:50+00:00","breadcrumb":{"@id":"https:\/\/upd-initiative.ch\/fr\/durabilite\/#breadcrumb"},"inLanguage":"fr-FR","potentialAction":[{"@type":"ReadAction","target":["https:\/\/upd-initiative.ch\/fr\/durabilite\/"]}]},{"@type":"BreadcrumbList","@id":"https:\/\/upd-initiative.ch\/fr\/durabilite\/#breadcrumb","itemListElement":[{"@type":"ListItem","position":1,"name":"Home","item":"https:\/\/upd-initiative.ch\/fr\/"},{"@type":"ListItem","position":2,"name":"Durabilit\u00e9"}]},{"@type":"WebSite","@id":"https:\/\/upd-initiative.ch\/fr\/#website","url":"https:\/\/upd-initiative.ch\/fr\/","name":"Unlocking the Power of Data Initiative","description":"","publisher":{"@id":"https:\/\/upd-initiative.ch\/fr\/#organization"},"potentialAction":[{"@type":"SearchAction","target":{"@type":"EntryPoint","urlTemplate":"https:\/\/upd-initiative.ch\/fr\/?s={search_term_string}"},"query-input":{"@type":"PropertyValueSpecification","valueRequired":true,"valueName":"search_term_string"}}],"inLanguage":"fr-FR"},{"@type":"Organization","@id":"https:\/\/upd-initiative.ch\/fr\/#organization","name":"Unlocking the Power of Data Initiative","url":"https:\/\/upd-initiative.ch\/fr\/","logo":{"@type":"ImageObject","inLanguage":"fr-FR","@id":"https:\/\/upd-initiative.ch\/fr\/#\/schema\/logo\/image\/","url":"https:\/\/upd-initiative.ch\/wp-content\/uploads\/2022\/04\/Logo-UPDI-Color-RGB-white-bg-some-325px.jpg","contentUrl":"https:\/\/upd-initiative.ch\/wp-content\/uploads\/2022\/04\/Logo-UPDI-Color-RGB-white-bg-some-325px.jpg","width":325,"height":325,"caption":"Unlocking the Power of Data Initiative"},"image":{"@id":"https:\/\/upd-initiative.ch\/fr\/#\/schema\/logo\/image\/"}}]}},"_links":{"self":[{"href":"https:\/\/upd-initiative.ch\/fr\/wp-json\/wp\/v2\/pages\/3577","targetHints":{"allow":["GET"]}}],"collection":[{"href":"https:\/\/upd-initiative.ch\/fr\/wp-json\/wp\/v2\/pages"}],"about":[{"href":"https:\/\/upd-initiative.ch\/fr\/wp-json\/wp\/v2\/types\/page"}],"author":[{"embeddable":true,"href":"https:\/\/upd-initiative.ch\/fr\/wp-json\/wp\/v2\/users\/1"}],"replies":[{"embeddable":true,"href":"https:\/\/upd-initiative.ch\/fr\/wp-json\/wp\/v2\/comments?post=3577"}],"version-history":[{"count":27,"href":"https:\/\/upd-initiative.ch\/fr\/wp-json\/wp\/v2\/pages\/3577\/revisions"}],"predecessor-version":[{"id":7108,"href":"https:\/\/upd-initiative.ch\/fr\/wp-json\/wp\/v2\/pages\/3577\/revisions\/7108"}],"wp:attachment":[{"href":"https:\/\/upd-initiative.ch\/fr\/wp-json\/wp\/v2\/media?parent=3577"}],"curies":[{"name":"wp","href":"https:\/\/api.w.org\/{rel}","templated":true}]}}