{"id":3571,"date":"2023-04-24T15:34:32","date_gmt":"2023-04-24T14:34:32","guid":{"rendered":"https:\/\/www.projectrosling.ch\/?page_id=3571"},"modified":"2025-09-02T19:41:01","modified_gmt":"2025-09-02T18:41:01","slug":"contact","status":"publish","type":"page","link":"https:\/\/upd-initiative.ch\/fr\/contact\/","title":{"rendered":"Contact"},"content":{"rendered":"<div class=\"wpb-content-wrapper\"><p>[vc_row el_class=\u00a0\u00bbcontact\u00a0\u00bb][vc_column][vc_column_text css=\u00a0\u00bb\u00a0\u00bb]<\/p>\n<p style=\"text-align: left;\"><em>La Conf\u00e9d\u00e9ration suisse et ses partenaires m\u00e8nent l\u2019Unlocking the Power of Data Initiative.<\/em><\/p>\n<p style=\"text-align: left;\"><strong>Unlocking the Power of Data Initiative<\/strong><\/p>\n<p>Office f\u00e9d\u00e9ral de la statistique<br \/>\nEspace de l\u2019Europe 10<br \/>\n2010 Neuch\u00e2tel<br \/>\nSuisse<\/p>\n<p><span class=\"nobr\"><a class=\"external-link\" href=\"mailto:international@bfs.admin.ch\" target=\"_blank\" rel=\"nofollow noopener\">international@bfs.admin.ch<\/a><\/span><\/p>\n<p>[\/vc_column_text][\/vc_column][\/vc_row]<\/p>\n<\/div>","protected":false},"excerpt":{"rendered":"<p>[vc_row el_class=\u00a0\u00bbcontact\u00a0\u00bb][vc_column][vc_column_text css=\u00a0\u00bb\u00a0\u00bb] La Conf\u00e9d\u00e9ration suisse et ses partenaires m\u00e8nent l\u2019Unlocking the Power of Data Initiative. Unlocking the Power of Data Initiative Office f\u00e9d\u00e9ral de la statistique Espace de l\u2019Europe 10 2010 Neuch\u00e2tel Suisse international@bfs.admin.ch [\/vc_column_text][\/vc_column][\/vc_row]<\/p>\n","protected":false},"author":1,"featured_media":0,"parent":0,"menu_order":0,"comment_status":"closed","ping_status":"closed","template":"","meta":{"_vp_format_video_url":"","_vp_image_focal_point":[],"footnotes":""},"class_list":["post-3571","page","type-page","status-publish","hentry"],"yoast_head":"<!-- This site is optimized with the Yoast SEO plugin v27.3 - https:\/\/yoast.com\/product\/yoast-seo-wordpress\/ -->\n<title>Contact - Unlocking the Power of Data Initiative<\/title>\n<meta name=\"robots\" content=\"index, follow, max-snippet:-1, max-image-preview:large, max-video-preview:-1\" \/>\n<link rel=\"canonical\" href=\"https:\/\/upd-initiative.ch\/fr\/contact\/\" \/>\n<meta property=\"og:locale\" content=\"fr_FR\" \/>\n<meta property=\"og:type\" content=\"article\" \/>\n<meta property=\"og:title\" content=\"Contact - Unlocking the Power of Data Initiative\" \/>\n<meta property=\"og:description\" content=\"[vc_row el_class=\u00a0\u00bbcontact\u00a0\u00bb][vc_column][vc_column_text css=\u00a0\u00bb\u00a0\u00bb] La Conf\u00e9d\u00e9ration suisse et ses partenaires m\u00e8nent l\u2019Unlocking the Power of Data Initiative. Unlocking the Power of Data Initiative Office f\u00e9d\u00e9ral de la statistique Espace de l\u2019Europe 10 2010 Neuch\u00e2tel Suisse international@bfs.admin.ch [\/vc_column_text][\/vc_column][\/vc_row]\" \/>\n<meta property=\"og:url\" content=\"https:\/\/upd-initiative.ch\/fr\/contact\/\" \/>\n<meta property=\"og:site_name\" content=\"Unlocking the Power of Data Initiative\" \/>\n<meta property=\"article:modified_time\" content=\"2025-09-02T18:41:01+00:00\" \/>\n<meta property=\"og:image\" content=\"https:\/\/upd-initiative.ch\/wp-content\/uploads\/2022\/04\/Logo-UPDI-Color-RGB-white-bg-some-1190px.jpg\" \/>\n\t<meta property=\"og:image:width\" content=\"1190\" \/>\n\t<meta property=\"og:image:height\" content=\"704\" \/>\n\t<meta property=\"og:image:type\" content=\"image\/jpeg\" \/>\n<meta name=\"twitter:card\" content=\"summary_large_image\" \/>\n<script type=\"application\/ld+json\" class=\"yoast-schema-graph\">{\"@context\":\"https:\\\/\\\/schema.org\",\"@graph\":[{\"@type\":\"WebPage\",\"@id\":\"https:\\\/\\\/upd-initiative.ch\\\/fr\\\/contact\\\/\",\"url\":\"https:\\\/\\\/upd-initiative.ch\\\/fr\\\/contact\\\/\",\"name\":\"Contact - Unlocking the Power of Data Initiative\",\"isPartOf\":{\"@id\":\"https:\\\/\\\/upd-initiative.ch\\\/fr\\\/#website\"},\"datePublished\":\"2023-04-24T14:34:32+00:00\",\"dateModified\":\"2025-09-02T18:41:01+00:00\",\"breadcrumb\":{\"@id\":\"https:\\\/\\\/upd-initiative.ch\\\/fr\\\/contact\\\/#breadcrumb\"},\"inLanguage\":\"fr-FR\",\"potentialAction\":[{\"@type\":\"ReadAction\",\"target\":[\"https:\\\/\\\/upd-initiative.ch\\\/fr\\\/contact\\\/\"]}]},{\"@type\":\"BreadcrumbList\",\"@id\":\"https:\\\/\\\/upd-initiative.ch\\\/fr\\\/contact\\\/#breadcrumb\",\"itemListElement\":[{\"@type\":\"ListItem\",\"position\":1,\"name\":\"Home\",\"item\":\"https:\\\/\\\/upd-initiative.ch\\\/fr\\\/\"},{\"@type\":\"ListItem\",\"position\":2,\"name\":\"Contact\"}]},{\"@type\":\"WebSite\",\"@id\":\"https:\\\/\\\/upd-initiative.ch\\\/fr\\\/#website\",\"url\":\"https:\\\/\\\/upd-initiative.ch\\\/fr\\\/\",\"name\":\"Unlocking the Power of Data Initiative\",\"description\":\"\",\"publisher\":{\"@id\":\"https:\\\/\\\/upd-initiative.ch\\\/fr\\\/#organization\"},\"potentialAction\":[{\"@type\":\"SearchAction\",\"target\":{\"@type\":\"EntryPoint\",\"urlTemplate\":\"https:\\\/\\\/upd-initiative.ch\\\/fr\\\/?s={search_term_string}\"},\"query-input\":{\"@type\":\"PropertyValueSpecification\",\"valueRequired\":true,\"valueName\":\"search_term_string\"}}],\"inLanguage\":\"fr-FR\"},{\"@type\":\"Organization\",\"@id\":\"https:\\\/\\\/upd-initiative.ch\\\/fr\\\/#organization\",\"name\":\"Unlocking the Power of Data Initiative\",\"url\":\"https:\\\/\\\/upd-initiative.ch\\\/fr\\\/\",\"logo\":{\"@type\":\"ImageObject\",\"inLanguage\":\"fr-FR\",\"@id\":\"https:\\\/\\\/upd-initiative.ch\\\/fr\\\/#\\\/schema\\\/logo\\\/image\\\/\",\"url\":\"https:\\\/\\\/upd-initiative.ch\\\/wp-content\\\/uploads\\\/2022\\\/04\\\/Logo-UPDI-Color-RGB-white-bg-some-325px.jpg\",\"contentUrl\":\"https:\\\/\\\/upd-initiative.ch\\\/wp-content\\\/uploads\\\/2022\\\/04\\\/Logo-UPDI-Color-RGB-white-bg-some-325px.jpg\",\"width\":325,\"height\":325,\"caption\":\"Unlocking the Power of Data Initiative\"},\"image\":{\"@id\":\"https:\\\/\\\/upd-initiative.ch\\\/fr\\\/#\\\/schema\\\/logo\\\/image\\\/\"}}]}<\/script>\n<!-- \/ Yoast SEO plugin. -->","yoast_head_json":{"title":"Contact - Unlocking the Power of Data Initiative","robots":{"index":"index","follow":"follow","max-snippet":"max-snippet:-1","max-image-preview":"max-image-preview:large","max-video-preview":"max-video-preview:-1"},"canonical":"https:\/\/upd-initiative.ch\/fr\/contact\/","og_locale":"fr_FR","og_type":"article","og_title":"Contact - Unlocking the Power of Data Initiative","og_description":"[vc_row el_class=\u00a0\u00bbcontact\u00a0\u00bb][vc_column][vc_column_text css=\u00a0\u00bb\u00a0\u00bb] La Conf\u00e9d\u00e9ration suisse et ses partenaires m\u00e8nent l\u2019Unlocking the Power of Data Initiative. Unlocking the Power of Data Initiative Office f\u00e9d\u00e9ral de la statistique Espace de l\u2019Europe 10 2010 Neuch\u00e2tel Suisse international@bfs.admin.ch [\/vc_column_text][\/vc_column][\/vc_row]","og_url":"https:\/\/upd-initiative.ch\/fr\/contact\/","og_site_name":"Unlocking the Power of Data Initiative","article_modified_time":"2025-09-02T18:41:01+00:00","og_image":[{"width":1190,"height":704,"url":"https:\/\/upd-initiative.ch\/wp-content\/uploads\/2022\/04\/Logo-UPDI-Color-RGB-white-bg-some-1190px.jpg","type":"image\/jpeg"}],"twitter_card":"summary_large_image","schema":{"@context":"https:\/\/schema.org","@graph":[{"@type":"WebPage","@id":"https:\/\/upd-initiative.ch\/fr\/contact\/","url":"https:\/\/upd-initiative.ch\/fr\/contact\/","name":"Contact - Unlocking the Power of Data Initiative","isPartOf":{"@id":"https:\/\/upd-initiative.ch\/fr\/#website"},"datePublished":"2023-04-24T14:34:32+00:00","dateModified":"2025-09-02T18:41:01+00:00","breadcrumb":{"@id":"https:\/\/upd-initiative.ch\/fr\/contact\/#breadcrumb"},"inLanguage":"fr-FR","potentialAction":[{"@type":"ReadAction","target":["https:\/\/upd-initiative.ch\/fr\/contact\/"]}]},{"@type":"BreadcrumbList","@id":"https:\/\/upd-initiative.ch\/fr\/contact\/#breadcrumb","itemListElement":[{"@type":"ListItem","position":1,"name":"Home","item":"https:\/\/upd-initiative.ch\/fr\/"},{"@type":"ListItem","position":2,"name":"Contact"}]},{"@type":"WebSite","@id":"https:\/\/upd-initiative.ch\/fr\/#website","url":"https:\/\/upd-initiative.ch\/fr\/","name":"Unlocking the Power of Data Initiative","description":"","publisher":{"@id":"https:\/\/upd-initiative.ch\/fr\/#organization"},"potentialAction":[{"@type":"SearchAction","target":{"@type":"EntryPoint","urlTemplate":"https:\/\/upd-initiative.ch\/fr\/?s={search_term_string}"},"query-input":{"@type":"PropertyValueSpecification","valueRequired":true,"valueName":"search_term_string"}}],"inLanguage":"fr-FR"},{"@type":"Organization","@id":"https:\/\/upd-initiative.ch\/fr\/#organization","name":"Unlocking the Power of Data Initiative","url":"https:\/\/upd-initiative.ch\/fr\/","logo":{"@type":"ImageObject","inLanguage":"fr-FR","@id":"https:\/\/upd-initiative.ch\/fr\/#\/schema\/logo\/image\/","url":"https:\/\/upd-initiative.ch\/wp-content\/uploads\/2022\/04\/Logo-UPDI-Color-RGB-white-bg-some-325px.jpg","contentUrl":"https:\/\/upd-initiative.ch\/wp-content\/uploads\/2022\/04\/Logo-UPDI-Color-RGB-white-bg-some-325px.jpg","width":325,"height":325,"caption":"Unlocking the Power of Data Initiative"},"image":{"@id":"https:\/\/upd-initiative.ch\/fr\/#\/schema\/logo\/image\/"}}]}},"_links":{"self":[{"href":"https:\/\/upd-initiative.ch\/fr\/wp-json\/wp\/v2\/pages\/3571","targetHints":{"allow":["GET"]}}],"collection":[{"href":"https:\/\/upd-initiative.ch\/fr\/wp-json\/wp\/v2\/pages"}],"about":[{"href":"https:\/\/upd-initiative.ch\/fr\/wp-json\/wp\/v2\/types\/page"}],"author":[{"embeddable":true,"href":"https:\/\/upd-initiative.ch\/fr\/wp-json\/wp\/v2\/users\/1"}],"replies":[{"embeddable":true,"href":"https:\/\/upd-initiative.ch\/fr\/wp-json\/wp\/v2\/comments?post=3571"}],"version-history":[{"count":8,"href":"https:\/\/upd-initiative.ch\/fr\/wp-json\/wp\/v2\/pages\/3571\/revisions"}],"predecessor-version":[{"id":7941,"href":"https:\/\/upd-initiative.ch\/fr\/wp-json\/wp\/v2\/pages\/3571\/revisions\/7941"}],"wp:attachment":[{"href":"https:\/\/upd-initiative.ch\/fr\/wp-json\/wp\/v2\/media?parent=3571"}],"curies":[{"name":"wp","href":"https:\/\/api.w.org\/{rel}","templated":true}]}}