{"id":7885,"date":"2025-08-08T05:51:05","date_gmt":"2025-08-08T04:51:05","guid":{"rendered":"https:\/\/upd-initiative.ch\/?page_id=7885"},"modified":"2025-09-02T19:44:03","modified_gmt":"2025-09-02T18:44:03","slug":"home-2","status":"publish","type":"page","link":"https:\/\/upd-initiative.ch\/de\/","title":{"rendered":"Home"},"content":{"rendered":"<div class=\"wpb-content-wrapper\"><p>[vc_row full_height=&#8220;yes&#8220; background-position=&#8220;right-center&#8220; css=&#8220;.vc_custom_1754627576322{background-position: 0 0 !important;background-repeat: no-repeat !important;}&#8220;][vc_column][vc_row_inner content_placement=&#8220;middle&#8220; el_class=&#8220;firstview&#8220;][vc_column_inner width=&#8220;5\/6&#8243;][vc_column_text css=&#8220;.vc_custom_1756838641291{margin-bottom: 0px !important;}&#8220; el_class=&#8220;homepage white&#8220;]<\/p>\n<h2>Willkommen <span class=\"light\">bei der<br \/>\nUnlocking the Power of Data Initiative<\/span><\/h2>\n<p class=\"text-intro\">Das Projekt \u00abUnlocking the Power of Data Initiative\u00bb verfolgt seit seiner Einf\u00fchrung das Ziel, die Daten- und Statistikgemeinschaft sowie eine Reihe von Stakeholdern zusammenzubringen. Dabei sollen die Daten\u00f6kosysteme gest\u00e4rkt und die f\u00fcr ein faktenbasiertes Weltbild n\u00f6tigen Informationen bereitgestellt werden. Dank des Engagements zahlreicher Partner und des \u00f6ffentlichen Interesses hat das Projekt mehrere grosse Meilensteine erreicht und wichtige Ziele verwirklicht. Damit wurde ein solides Fundament f\u00fcr die Zukunft gelegt. Das Projekt hat eine st\u00e4rkere Vernetzung der beteiligten Akteure und ein gr\u00f6sseres Verst\u00e4ndnis f\u00fcr die Herausforderungen rund um Daten und Statistik bewirkt.<\/p>\n<p class=\"text-intro\">Das Projekt tritt nun in eine Zwischenphase und wird vor\u00fcbergehend pausiert. Diese Phase soll genutzt werden, um die Ziele zu reevaluieren und dabei neue Bed\u00fcrfnisse sowie wie den ver\u00e4nderten Kontext zu ber\u00fccksichtigen. Auf der Grundlage dieser umfassenden Reevaluation wird die weitere Ausrichtung des Projekts beschlossen.<\/p>\n<p class=\"text-intro\">Die Internetseite bleibt aktiv und auf einen Teil der bestehenden Inhalte kann weiter zugegriffen werden. Die Kommunikation \u00fcber X (ehemals Twitter) wird eingestellt. K\u00fcnftig wird ausschliesslich \u00fcber die Kommunikationskan\u00e4le des Bundesamtes f\u00fcr Statistik kommuniziert.<\/p>\n<p>[\/vc_column_text][\/vc_column_inner][vc_column_inner width=&#8220;1\/6&#8243;][\/vc_column_inner][\/vc_row_inner][\/vc_column][\/vc_row]<\/p>\n<\/div>","protected":false},"excerpt":{"rendered":"<p>[vc_row full_height=&#8220;yes&#8220; background-position=&#8220;right-center&#8220; css=&#8220;.vc_custom_1754627576322{background-position: 0 0 !important;background-repeat: no-repeat !important;}&#8220;][vc_column][vc_row_inner content_placement=&#8220;middle&#8220; el_class=&#8220;firstview&#8220;][vc_column_inner width=&#8220;5\/6&#8243;][vc_column_text css=&#8220;.vc_custom_1756838641291{margin-bottom: 0px !important;}&#8220; el_class=&#8220;homepage white&#8220;] Willkommen bei der Unlocking the Power of Data Initiative Das Projekt \u00abUnlocking the Power of Data Initiative\u00bb verfolgt seit seiner Einf\u00fchrung das Ziel,&#8230;<\/p>\n","protected":false},"author":1,"featured_media":0,"parent":0,"menu_order":0,"comment_status":"closed","ping_status":"closed","template":"","meta":{"_vp_format_video_url":"","_vp_image_focal_point":[],"footnotes":""},"class_list":["post-7885","page","type-page","status-publish","hentry"],"yoast_head":"<!-- This site is optimized with the Yoast SEO plugin v27.3 - https:\/\/yoast.com\/product\/yoast-seo-wordpress\/ -->\n<title>Unlocking the Power of Data Initiative<\/title>\n<meta name=\"description\" content=\"Die Welt ist in einem st\u00e4ndigen Wandel und es braucht vermehrt Daten, um den Herausforderungen zu begegnen, mit denen die Weltbev\u00f6lkerung konfrontiert ist. Mit der Unlocking the Power of Data Initiative soll eine Br\u00fccke zwischen der Daten- und Statistikgemeinschaft und verschiedensten Stakeholdern geschlagen werden, damit die Daten\u00f6kosysteme vorangebracht und die f\u00fcr ein faktenbasiertes Weltbild ben\u00f6tigten Informationen bereitgestellt werden k\u00f6nnen.\" \/>\n<meta name=\"robots\" content=\"index, follow, max-snippet:-1, max-image-preview:large, max-video-preview:-1\" \/>\n<link rel=\"canonical\" href=\"https:\/\/upd-initiative.ch\/de\/\" \/>\n<meta property=\"og:locale\" content=\"de_DE\" \/>\n<meta property=\"og:type\" content=\"article\" \/>\n<meta property=\"og:title\" content=\"Unlocking the Power of Data Initiative\" \/>\n<meta property=\"og:description\" content=\"Die Welt ist in einem st\u00e4ndigen Wandel und es braucht vermehrt Daten, um den Herausforderungen zu begegnen, mit denen die Weltbev\u00f6lkerung konfrontiert ist. Mit der Unlocking the Power of Data Initiative soll eine Br\u00fccke zwischen der Daten- und Statistikgemeinschaft und verschiedensten Stakeholdern geschlagen werden, damit die Daten\u00f6kosysteme vorangebracht und die f\u00fcr ein faktenbasiertes Weltbild ben\u00f6tigten Informationen bereitgestellt werden k\u00f6nnen.\" \/>\n<meta property=\"og:url\" content=\"https:\/\/upd-initiative.ch\/de\/\" \/>\n<meta property=\"og:site_name\" content=\"Unlocking the Power of Data Initiative\" \/>\n<meta property=\"article:modified_time\" content=\"2025-09-02T18:44:03+00:00\" \/>\n<meta property=\"og:image\" content=\"https:\/\/upd-initiative.ch\/wp-content\/uploads\/2022\/04\/Logo-UPDI-Color-RGB-white-bg-some-1190px.jpg\" \/>\n\t<meta property=\"og:image:width\" content=\"1190\" \/>\n\t<meta property=\"og:image:height\" content=\"704\" \/>\n\t<meta property=\"og:image:type\" content=\"image\/jpeg\" \/>\n<meta name=\"twitter:card\" content=\"summary_large_image\" \/>\n<meta name=\"twitter:title\" content=\"Unlocking the Power of Data Initiative\" \/>\n<meta name=\"twitter:description\" content=\"Die Welt ist in einem st\u00e4ndigen Wandel und es braucht vermehrt Daten, um den Herausforderungen zu begegnen, mit denen die Weltbev\u00f6lkerung konfrontiert ist. Mit der Unlocking the Power of Data Initiative soll eine Br\u00fccke zwischen der Daten- und Statistikgemeinschaft und verschiedensten Stakeholdern geschlagen werden, damit die Daten\u00f6kosysteme vorangebracht und die f\u00fcr ein faktenbasiertes Weltbild ben\u00f6tigten Informationen bereitgestellt werden k\u00f6nnen.\" \/>\n<meta name=\"twitter:image\" content=\"https:\/\/upd-initiative.ch\/wp-content\/uploads\/2022\/04\/Logo-UPDI-Color-RGB-white-bg-some-1190px.jpg\" \/>\n<script type=\"application\/ld+json\" class=\"yoast-schema-graph\">{\"@context\":\"https:\\\/\\\/schema.org\",\"@graph\":[{\"@type\":\"WebPage\",\"@id\":\"https:\\\/\\\/upd-initiative.ch\\\/de\\\/\",\"url\":\"https:\\\/\\\/upd-initiative.ch\\\/de\\\/\",\"name\":\"Unlocking the Power of Data Initiative\",\"isPartOf\":{\"@id\":\"https:\\\/\\\/upd-initiative.ch\\\/de\\\/#website\"},\"datePublished\":\"2025-08-08T04:51:05+00:00\",\"dateModified\":\"2025-09-02T18:44:03+00:00\",\"description\":\"Die Welt ist in einem st\u00e4ndigen Wandel und es braucht vermehrt Daten, um den Herausforderungen zu begegnen, mit denen die Weltbev\u00f6lkerung konfrontiert ist. Mit der Unlocking the Power of Data Initiative soll eine Br\u00fccke zwischen der Daten- und Statistikgemeinschaft und verschiedensten Stakeholdern geschlagen werden, damit die Daten\u00f6kosysteme vorangebracht und die f\u00fcr ein faktenbasiertes Weltbild ben\u00f6tigten Informationen bereitgestellt werden k\u00f6nnen.\",\"breadcrumb\":{\"@id\":\"https:\\\/\\\/upd-initiative.ch\\\/de\\\/#breadcrumb\"},\"inLanguage\":\"de\",\"potentialAction\":[{\"@type\":\"ReadAction\",\"target\":[\"https:\\\/\\\/upd-initiative.ch\\\/de\\\/\"]}]},{\"@type\":\"BreadcrumbList\",\"@id\":\"https:\\\/\\\/upd-initiative.ch\\\/de\\\/#breadcrumb\",\"itemListElement\":[{\"@type\":\"ListItem\",\"position\":1,\"name\":\"Home\",\"item\":\"https:\\\/\\\/upd-initiative.ch\\\/de\\\/\"},{\"@type\":\"ListItem\",\"position\":2,\"name\":\"Home\"}]},{\"@type\":\"WebSite\",\"@id\":\"https:\\\/\\\/upd-initiative.ch\\\/de\\\/#website\",\"url\":\"https:\\\/\\\/upd-initiative.ch\\\/de\\\/\",\"name\":\"Unlocking the Power of Data Initiative\",\"description\":\"\",\"publisher\":{\"@id\":\"https:\\\/\\\/upd-initiative.ch\\\/de\\\/#organization\"},\"potentialAction\":[{\"@type\":\"SearchAction\",\"target\":{\"@type\":\"EntryPoint\",\"urlTemplate\":\"https:\\\/\\\/upd-initiative.ch\\\/de\\\/?s={search_term_string}\"},\"query-input\":{\"@type\":\"PropertyValueSpecification\",\"valueRequired\":true,\"valueName\":\"search_term_string\"}}],\"inLanguage\":\"de\"},{\"@type\":\"Organization\",\"@id\":\"https:\\\/\\\/upd-initiative.ch\\\/de\\\/#organization\",\"name\":\"Unlocking the Power of Data Initiative\",\"url\":\"https:\\\/\\\/upd-initiative.ch\\\/de\\\/\",\"logo\":{\"@type\":\"ImageObject\",\"inLanguage\":\"de\",\"@id\":\"https:\\\/\\\/upd-initiative.ch\\\/de\\\/#\\\/schema\\\/logo\\\/image\\\/\",\"url\":\"https:\\\/\\\/upd-initiative.ch\\\/wp-content\\\/uploads\\\/2022\\\/04\\\/Logo-UPDI-Color-RGB-white-bg-some-325px.jpg\",\"contentUrl\":\"https:\\\/\\\/upd-initiative.ch\\\/wp-content\\\/uploads\\\/2022\\\/04\\\/Logo-UPDI-Color-RGB-white-bg-some-325px.jpg\",\"width\":325,\"height\":325,\"caption\":\"Unlocking the Power of Data Initiative\"},\"image\":{\"@id\":\"https:\\\/\\\/upd-initiative.ch\\\/de\\\/#\\\/schema\\\/logo\\\/image\\\/\"}}]}<\/script>\n<!-- \/ Yoast SEO plugin. -->","yoast_head_json":{"title":"Unlocking the Power of Data Initiative","description":"Die Welt ist in einem st\u00e4ndigen Wandel und es braucht vermehrt Daten, um den Herausforderungen zu begegnen, mit denen die Weltbev\u00f6lkerung konfrontiert ist. Mit der Unlocking the Power of Data Initiative soll eine Br\u00fccke zwischen der Daten- und Statistikgemeinschaft und verschiedensten Stakeholdern geschlagen werden, damit die Daten\u00f6kosysteme vorangebracht und die f\u00fcr ein faktenbasiertes Weltbild ben\u00f6tigten Informationen bereitgestellt werden k\u00f6nnen.","robots":{"index":"index","follow":"follow","max-snippet":"max-snippet:-1","max-image-preview":"max-image-preview:large","max-video-preview":"max-video-preview:-1"},"canonical":"https:\/\/upd-initiative.ch\/de\/","og_locale":"de_DE","og_type":"article","og_title":"Unlocking the Power of Data Initiative","og_description":"Die Welt ist in einem st\u00e4ndigen Wandel und es braucht vermehrt Daten, um den Herausforderungen zu begegnen, mit denen die Weltbev\u00f6lkerung konfrontiert ist. Mit der Unlocking the Power of Data Initiative soll eine Br\u00fccke zwischen der Daten- und Statistikgemeinschaft und verschiedensten Stakeholdern geschlagen werden, damit die Daten\u00f6kosysteme vorangebracht und die f\u00fcr ein faktenbasiertes Weltbild ben\u00f6tigten Informationen bereitgestellt werden k\u00f6nnen.","og_url":"https:\/\/upd-initiative.ch\/de\/","og_site_name":"Unlocking the Power of Data Initiative","article_modified_time":"2025-09-02T18:44:03+00:00","og_image":[{"width":1190,"height":704,"url":"https:\/\/upd-initiative.ch\/wp-content\/uploads\/2022\/04\/Logo-UPDI-Color-RGB-white-bg-some-1190px.jpg","type":"image\/jpeg"}],"twitter_card":"summary_large_image","twitter_title":"Unlocking the Power of Data Initiative","twitter_description":"Die Welt ist in einem st\u00e4ndigen Wandel und es braucht vermehrt Daten, um den Herausforderungen zu begegnen, mit denen die Weltbev\u00f6lkerung konfrontiert ist. Mit der Unlocking the Power of Data Initiative soll eine Br\u00fccke zwischen der Daten- und Statistikgemeinschaft und verschiedensten Stakeholdern geschlagen werden, damit die Daten\u00f6kosysteme vorangebracht und die f\u00fcr ein faktenbasiertes Weltbild ben\u00f6tigten Informationen bereitgestellt werden k\u00f6nnen.","twitter_image":"https:\/\/upd-initiative.ch\/wp-content\/uploads\/2022\/04\/Logo-UPDI-Color-RGB-white-bg-some-1190px.jpg","schema":{"@context":"https:\/\/schema.org","@graph":[{"@type":"WebPage","@id":"https:\/\/upd-initiative.ch\/de\/","url":"https:\/\/upd-initiative.ch\/de\/","name":"Unlocking the Power of Data Initiative","isPartOf":{"@id":"https:\/\/upd-initiative.ch\/de\/#website"},"datePublished":"2025-08-08T04:51:05+00:00","dateModified":"2025-09-02T18:44:03+00:00","description":"Die Welt ist in einem st\u00e4ndigen Wandel und es braucht vermehrt Daten, um den Herausforderungen zu begegnen, mit denen die Weltbev\u00f6lkerung konfrontiert ist. Mit der Unlocking the Power of Data Initiative soll eine Br\u00fccke zwischen der Daten- und Statistikgemeinschaft und verschiedensten Stakeholdern geschlagen werden, damit die Daten\u00f6kosysteme vorangebracht und die f\u00fcr ein faktenbasiertes Weltbild ben\u00f6tigten Informationen bereitgestellt werden k\u00f6nnen.","breadcrumb":{"@id":"https:\/\/upd-initiative.ch\/de\/#breadcrumb"},"inLanguage":"de","potentialAction":[{"@type":"ReadAction","target":["https:\/\/upd-initiative.ch\/de\/"]}]},{"@type":"BreadcrumbList","@id":"https:\/\/upd-initiative.ch\/de\/#breadcrumb","itemListElement":[{"@type":"ListItem","position":1,"name":"Home","item":"https:\/\/upd-initiative.ch\/de\/"},{"@type":"ListItem","position":2,"name":"Home"}]},{"@type":"WebSite","@id":"https:\/\/upd-initiative.ch\/de\/#website","url":"https:\/\/upd-initiative.ch\/de\/","name":"Unlocking the Power of Data Initiative","description":"","publisher":{"@id":"https:\/\/upd-initiative.ch\/de\/#organization"},"potentialAction":[{"@type":"SearchAction","target":{"@type":"EntryPoint","urlTemplate":"https:\/\/upd-initiative.ch\/de\/?s={search_term_string}"},"query-input":{"@type":"PropertyValueSpecification","valueRequired":true,"valueName":"search_term_string"}}],"inLanguage":"de"},{"@type":"Organization","@id":"https:\/\/upd-initiative.ch\/de\/#organization","name":"Unlocking the Power of Data Initiative","url":"https:\/\/upd-initiative.ch\/de\/","logo":{"@type":"ImageObject","inLanguage":"de","@id":"https:\/\/upd-initiative.ch\/de\/#\/schema\/logo\/image\/","url":"https:\/\/upd-initiative.ch\/wp-content\/uploads\/2022\/04\/Logo-UPDI-Color-RGB-white-bg-some-325px.jpg","contentUrl":"https:\/\/upd-initiative.ch\/wp-content\/uploads\/2022\/04\/Logo-UPDI-Color-RGB-white-bg-some-325px.jpg","width":325,"height":325,"caption":"Unlocking the Power of Data Initiative"},"image":{"@id":"https:\/\/upd-initiative.ch\/de\/#\/schema\/logo\/image\/"}}]}},"_links":{"self":[{"href":"https:\/\/upd-initiative.ch\/de\/wp-json\/wp\/v2\/pages\/7885","targetHints":{"allow":["GET"]}}],"collection":[{"href":"https:\/\/upd-initiative.ch\/de\/wp-json\/wp\/v2\/pages"}],"about":[{"href":"https:\/\/upd-initiative.ch\/de\/wp-json\/wp\/v2\/types\/page"}],"author":[{"embeddable":true,"href":"https:\/\/upd-initiative.ch\/de\/wp-json\/wp\/v2\/users\/1"}],"replies":[{"embeddable":true,"href":"https:\/\/upd-initiative.ch\/de\/wp-json\/wp\/v2\/comments?post=7885"}],"version-history":[{"count":5,"href":"https:\/\/upd-initiative.ch\/de\/wp-json\/wp\/v2\/pages\/7885\/revisions"}],"predecessor-version":[{"id":7944,"href":"https:\/\/upd-initiative.ch\/de\/wp-json\/wp\/v2\/pages\/7885\/revisions\/7944"}],"wp:attachment":[{"href":"https:\/\/upd-initiative.ch\/de\/wp-json\/wp\/v2\/media?parent=7885"}],"curies":[{"name":"wp","href":"https:\/\/api.w.org\/{rel}","templated":true}]}}