{"id":4690,"date":"2022-12-01T15:14:33","date_gmt":"2022-12-01T14:14:33","guid":{"rendered":"https:\/\/www.projectrosling.ch\/?page_id=4690"},"modified":"2025-08-08T06:40:05","modified_gmt":"2025-08-08T05:40:05","slug":"produkte","status":"publish","type":"page","link":"https:\/\/upd-initiative.ch\/de\/produkte\/","title":{"rendered":"Produkte"},"content":{"rendered":"<div class=\"wpb-content-wrapper\"><p>[vc_row el_class=&#8220;concept&#8220;][vc_column offset=&#8220;vc_col-xs-12&#8243;][vc_column_text css=&#8220;.vc_custom_1670835538680{margin-bottom: 10px !important;padding-bottom: 0px !important;}&#8220;]<\/p>\n<h2>Die andere Seite der Geschichte: Mit Daten und Statistiken aus unserer Blase herauskommen &#8211; eine Weiterentwicklung des ber\u00fchmten Diagramms von Hans Rosling.<\/h2>\n<p>[\/vc_column_text][vc_video link=&#8220;https:\/\/www.youtube.com\/watch?v=FLWidki_drI&#8220;][vc_column_text el_class=&#8220;keymessage&#8220;]<\/p>\n<h2>Inspiration \/ Credits<\/h2>\n<h3>Gapminder Stiftung \/ Hans, Ola und Anna Rosling<\/h3>\n<p>Dieser Film ist eine Weiterentwicklung des <a href=\"https:\/\/www.youtube.com\/watch?v=jbkSRLYSojo\" target=\"_blank\" rel=\"noopener\">ber\u00fchmten Videos von Hans Rosling<\/a> \u00fcber die Entwicklung der Lebenserwartung und des Einkommensniveaus in allen L\u00e4ndern der Welt seit 1810. F\u00fcr diesen Film war die Arbeit der Familie Rosling und der <a href=\"https:\/\/www.gapminder.org\/tools\/#$chart-type=bubbles&amp;url=v1\" target=\"_blank\" rel=\"noopener\">Gapminder Foundation<\/a> eine wichtige Inspiration und Quelle f\u00fcr Storyline, Visualisierung, Indikatoren und Daten.<\/p>\n<h3>Daniel W. O\u2019Neil et al.<\/h3>\n<p>Der Film wurde ausserdem durch den theoretischen Rahmen inspiriert, den D. W. O&#8217;Neill et al. in dem Artikel &#8222;<a href=\"https:\/\/www.nature.com\/articles\/s41893-018-0021-4\" target=\"_blank\" rel=\"noopener\">A good life for all within planetary boundaries<\/a>&#8220; vorgestellt haben (O&#8217;Neill, D.W., Fanning, A.L., Lamb, W.F. et al. A good life for all within planetary boundaries. Nat Sustain 1, 88-95 (2018)), der auch im <a href=\"https:\/\/sdgs.un.org\/sites\/default\/files\/2020-07\/24797GSDR_report_2019.pdf\" target=\"_blank\" rel=\"noopener\">Global Sustainable Development Report (GSDR) 2019<\/a> erw\u00e4hnt wurde. Die Autoren beschreiben die Situation der L\u00e4nder anhand der \u00fcberschrittenen biophysikalischen Grenzen (einschliesslich Indikatoren wie materieller Fussabdruck oder CO2-Emissionen) und der erreichten sozialen Schwellenwerte (einschliesslich Indikatoren wie Lebenszufriedenheit, Sanit\u00e4rversorgung oder Lebenserwartung bei guter Gesundheit). Nach D. W. O&#8217;Neill et al. sollten wir einen Planeten anstreben, auf dem ein hoher Lebensstandard erreicht wird und weniger Ressourcen verbraucht werden.<\/p>\n<h2>Daten<\/h2>\n<h3>Indikatoren<\/h3>\n<p>Der Film pr\u00e4sentiert drei Indikatoren, n\u00e4mlich die Lebenserwartung bei der Geburt, das Pro-Kopf-Einkommen und die CO2-Emissionen pro Kopf &#8211; die ersten beiden sind auch in Roslings Video enthalten &#8211; sowie drei Variablen: Bev\u00f6lkerungsgr\u00f6sse, Kontinent, Jahr &#8211; alle bereits von Rosling vorgestellt. Die Beobachtungseinheiten sind L\u00e4nder; alle L\u00e4nder, f\u00fcr die Daten verf\u00fcgbar sind, sind in der Grafik vertreten. W\u00e4hrend die Lebenserwartung die soziale Dimension und das Einkommensniveau die wirtschaftliche Dimension der Nachhaltigkeit widerspiegelt, haben wir uns entschieden, die CO2-Emissionen als Indikator f\u00fcr die dritte Dimension der Nachhaltigkeit, die Umwelt, hinzuzuf\u00fcgen.<\/p>\n<h3>Quellen nach Variablen<\/h3>\n<h4>Lebenserwartung bei der Geburt:<\/h4>\n<ul>\n<li>Erster Teil des Films, der den Zeitraum 1800-2020 darstellt (Anw\u00e4rter, der die Visualisierung kommentiert): gesamter Datensatz, heruntergeladen aus dem <a href=\"https:\/\/www.gapminder.org\/data\/documentation\/gd004\/\" target=\"_blank\" rel=\"noopener\">Gapminder-Tool<\/a> (Mattias Lindgren, IHME, UNO WPP 2019).<\/li>\n<li>Zweiter Teil des Films, der den Zeitraum 1950-2020 darstellt (Generaldirektor, der die Visualisierung kommentiert): Daten, die aus den <a href=\"https:\/\/population.un.org\/wpp\/\" target=\"_blank\" rel=\"noopener\">UN World Population Prospects 2022<\/a> (ver\u00f6ffentlicht im Juli 2022) stammen.<\/li>\n<\/ul>\n<p>Wir haben uns daf\u00fcr entschieden, f\u00fcr die beiden Teile des Videos unterschiedliche Datenquellen zu verwenden, um eine harmonisierte Zeitreihe (erster Teil) und die neuesten verf\u00fcgbaren Daten (zweiter Teil) zu erhalten.<\/p>\n<h4>Pro-Kopf-Einkommen (BIP pro Kopf in konstanten KKP-Dollar):<\/h4>\n<p>Daten, die aus dem <a href=\"https:\/\/www.gapminder.org\/data\/documentation\/gd001\/\" target=\"_blank\" rel=\"noopener\">Gapminder-Tool<\/a> heruntergeladen wurden.<\/p>\n<h4>CO2-Emissionen pro Kopf der Bev\u00f6lkerung:<\/h4>\n<p>Daten heruntergeladen aus dem <a href=\"https:\/\/github.com\/owid\/co2-data\" target=\"_blank\" rel=\"noopener\">GitHub-Archiv<\/a> (basierend auf <a href=\"https:\/\/doi.org\/10.5194\/essd-14-1917-2022\" target=\"_blank\" rel=\"noopener\">Global Carbon Burden Budget 2021<\/a> von Friedlingstein et al. (2022)). Daten f\u00fcr diesen Indikator sind ab dem Jahr 1949 verf\u00fcgbar.<\/p>\n<h4>Gesamtbev\u00f6lkerung:<\/h4>\n<ul>\n<li>Erster Teil des Films, der den Zeitraum 1800-2020 darstellt (Anw\u00e4rter, der die Visualisierung kommentiert): vollst\u00e4ndiger Datensatz, heruntergeladen aus dem Gapminder-Tool (Maddison \/ CLIO INFRA, UNO WPP 2019).<\/li>\n<li>Zweiter Teil des Films, der den Zeitraum 1950-2020 darstellt (Generaldirektor, der die Visualisierung kommentiert): Daten, die aus den <a href=\"https:\/\/population.un.org\/wpp\/\" target=\"_blank\" rel=\"noopener\">UN World Population Prospects 2022<\/a> (ver\u00f6ffentlicht im Juli 2022) stammen.<\/li>\n<\/ul>\n<p>Wir haben uns daf\u00fcr entschieden, f\u00fcr die beiden Teile des Videos unterschiedliche Datenquellen zu verwenden, um eine harmonisierte Zeitreihe (erster Teil) und die neuesten verf\u00fcgbaren Daten (zweiter Teil) zu erhalten.<\/p>\n<h4>Region:<\/h4>\n<p>Wir haben die vier von Hans Rosling und der Gampinder-Stiftung vorgestellten Regionen Afrika, Asien, Europa und Amerika verwendet.<\/p>\n<h4>Jahr:<\/h4>\n<p>Im ersten Teil des Films zeigen wir eine Zeitleiste, die im Jahr 1800 beginnt und bis zum letzten verf\u00fcgbaren statistischen Jahr (2020) reicht. Im zweiten Teil, nach Einf\u00fchrung der dritten Achse in die Darstellung, betrachten wir 1950-2020, da vor 1950 keine Daten f\u00fcr CO2-Emissionen verf\u00fcgbar sind.<\/p>\n<h2>Visualisierung<\/h2>\n<h3>Art der Darstellung<\/h3>\n<p>Wir zeigen ein zeitlich animiertes 3D-Streudiagramm, das drei korrelierte Indikatoren auf drei Achsen darstellt: x = Einkommensniveau, y = Lebenserwartung, z = CO2-Emissionen. Die dritte Achse &#8211; und der dritte Indikator &#8211; ist auf halber Strecke eingef\u00fcgt, symbolisiert die dritte Dimension der Nachhaltigkeit und tr\u00e4gt dem <a href=\"https:\/\/www.nature.com\/articles\/s41893-018-0021-4\" target=\"_blank\" rel=\"noopener\">Ansatz von O&#8217;Neill Rechnung<\/a>.<\/p>\n<h3>Skalen<\/h3>\n<h4>x-axis:<\/h4>\n<p>Wie in Roslings Diagramm zeigen wir das Einkommensniveau &#8211; ein Indikator mit einer grossen Bandbreite an Werten &#8211; auf einer logarithmischen Skala, die von 400 bis 40&#8217;000 US-Dollar pro Kopf reicht. Auf diese Weise l\u00e4sst sich die Entwicklung dieses Indikators im Laufe der Zeit besser beobachten, insbesondere in der j\u00fcngeren Vergangenheit, in der die Werte rasch gestiegen sind.<\/p>\n<h4>y-Achse:<\/h4>\n<p>Wie in Roslings Diagramm zeigen wir die Lebenserwartung &#8211; ein Indikator mit einer geringen Wertespanne &#8211; auf einer linearen Skala, die von 25 bis 75 Jahren reicht.<\/p>\n<h4>z-Achse:<\/h4>\n<p>Wir zeigen die CO2-Emissionen auf einer linearen Skala, die von 0 bis 30 Tonnen pro Kopf reicht.<\/p>\n<h3>Farben und Texturen<\/h3>\n<p>Wie in Roslings Diagramm zeigen die Farben der Blasen den Kontinent des jeweiligen Landes an, und ihre Gr\u00f6sse steht f\u00fcr die Gr\u00f6sse der Bev\u00f6lkerung. Die Transparenz der Blasen erm\u00f6glicht es, alle Blasen dort zu sehen, wo sie sich \u00fcberschneiden. Die Textur der Blasen wurde so gew\u00e4hlt, dass sie am besten zu einem 3D-Raum (Plastizit\u00e4t) und dem Thema CO2 passt.[\/vc_column_text][\/vc_column][\/vc_row]<\/p>\n<\/div>","protected":false},"excerpt":{"rendered":"<p>[vc_row el_class=&#8220;concept&#8220;][vc_column offset=&#8220;vc_col-xs-12&#8243;][vc_column_text css=&#8220;.vc_custom_1670835538680{margin-bottom: 10px !important;padding-bottom: 0px !important;}&#8220;] Die andere Seite der Geschichte: Mit Daten und Statistiken aus unserer Blase herauskommen &#8211; eine Weiterentwicklung des ber\u00fchmten Diagramms von Hans Rosling. [\/vc_column_text][vc_video link=&#8220;https:\/\/www.youtube.com\/watch?v=FLWidki_drI&#8220;][vc_column_text el_class=&#8220;keymessage&#8220;] Inspiration \/ Credits Gapminder Stiftung \/ Hans,&#8230;<\/p>\n","protected":false},"author":1,"featured_media":0,"parent":0,"menu_order":0,"comment_status":"closed","ping_status":"closed","template":"","meta":{"_vp_format_video_url":"","_vp_image_focal_point":[],"footnotes":""},"class_list":["post-4690","page","type-page","status-publish","hentry"],"yoast_head":"<!-- This site is optimized with the Yoast SEO plugin v27.3 - https:\/\/yoast.com\/product\/yoast-seo-wordpress\/ -->\n<title>Produkte - Unlocking the Power of Data Initiative<\/title>\n<meta name=\"robots\" content=\"index, follow, max-snippet:-1, max-image-preview:large, max-video-preview:-1\" \/>\n<link rel=\"canonical\" href=\"https:\/\/upd-initiative.ch\/de\/produkte\/\" \/>\n<meta property=\"og:locale\" content=\"de_DE\" \/>\n<meta property=\"og:type\" content=\"article\" \/>\n<meta property=\"og:title\" content=\"Produkte - Unlocking the Power of Data Initiative\" \/>\n<meta property=\"og:description\" content=\"[vc_row el_class=&#8220;concept&#8220;][vc_column offset=&#8220;vc_col-xs-12&#8243;][vc_column_text css=&#8220;.vc_custom_1670835538680{margin-bottom: 10px !important;padding-bottom: 0px !important;}&#8220;] Die andere Seite der Geschichte: Mit Daten und Statistiken aus unserer Blase herauskommen &#8211; eine Weiterentwicklung des ber\u00fchmten Diagramms von Hans Rosling. [\/vc_column_text][vc_video link=&#8220;https:\/\/www.youtube.com\/watch?v=FLWidki_drI&#8220;][vc_column_text el_class=&#8220;keymessage&#8220;] Inspiration \/ Credits Gapminder Stiftung \/ Hans,...\" \/>\n<meta property=\"og:url\" content=\"https:\/\/upd-initiative.ch\/de\/produkte\/\" \/>\n<meta property=\"og:site_name\" content=\"Unlocking the Power of Data Initiative\" \/>\n<meta property=\"article:modified_time\" content=\"2025-08-08T05:40:05+00:00\" \/>\n<meta property=\"og:image\" content=\"https:\/\/upd-initiative.ch\/wp-content\/uploads\/2022\/04\/Logo-UPDI-Color-RGB-white-bg-some-1190px.jpg\" \/>\n\t<meta property=\"og:image:width\" content=\"1190\" \/>\n\t<meta property=\"og:image:height\" content=\"704\" \/>\n\t<meta property=\"og:image:type\" content=\"image\/jpeg\" \/>\n<meta name=\"twitter:card\" content=\"summary_large_image\" \/>\n<script type=\"application\/ld+json\" class=\"yoast-schema-graph\">{\"@context\":\"https:\\\/\\\/schema.org\",\"@graph\":[{\"@type\":\"WebPage\",\"@id\":\"https:\\\/\\\/upd-initiative.ch\\\/de\\\/produkte\\\/\",\"url\":\"https:\\\/\\\/upd-initiative.ch\\\/de\\\/produkte\\\/\",\"name\":\"Produkte - Unlocking the Power of Data Initiative\",\"isPartOf\":{\"@id\":\"https:\\\/\\\/upd-initiative.ch\\\/de\\\/#website\"},\"datePublished\":\"2022-12-01T14:14:33+00:00\",\"dateModified\":\"2025-08-08T05:40:05+00:00\",\"breadcrumb\":{\"@id\":\"https:\\\/\\\/upd-initiative.ch\\\/de\\\/produkte\\\/#breadcrumb\"},\"inLanguage\":\"de\",\"potentialAction\":[{\"@type\":\"ReadAction\",\"target\":[\"https:\\\/\\\/upd-initiative.ch\\\/de\\\/produkte\\\/\"]}]},{\"@type\":\"BreadcrumbList\",\"@id\":\"https:\\\/\\\/upd-initiative.ch\\\/de\\\/produkte\\\/#breadcrumb\",\"itemListElement\":[{\"@type\":\"ListItem\",\"position\":1,\"name\":\"Home\",\"item\":\"https:\\\/\\\/upd-initiative.ch\\\/de\\\/\"},{\"@type\":\"ListItem\",\"position\":2,\"name\":\"Produkte\"}]},{\"@type\":\"WebSite\",\"@id\":\"https:\\\/\\\/upd-initiative.ch\\\/de\\\/#website\",\"url\":\"https:\\\/\\\/upd-initiative.ch\\\/de\\\/\",\"name\":\"Unlocking the Power of Data Initiative\",\"description\":\"\",\"publisher\":{\"@id\":\"https:\\\/\\\/upd-initiative.ch\\\/de\\\/#organization\"},\"potentialAction\":[{\"@type\":\"SearchAction\",\"target\":{\"@type\":\"EntryPoint\",\"urlTemplate\":\"https:\\\/\\\/upd-initiative.ch\\\/de\\\/?s={search_term_string}\"},\"query-input\":{\"@type\":\"PropertyValueSpecification\",\"valueRequired\":true,\"valueName\":\"search_term_string\"}}],\"inLanguage\":\"de\"},{\"@type\":\"Organization\",\"@id\":\"https:\\\/\\\/upd-initiative.ch\\\/de\\\/#organization\",\"name\":\"Unlocking the Power of Data Initiative\",\"url\":\"https:\\\/\\\/upd-initiative.ch\\\/de\\\/\",\"logo\":{\"@type\":\"ImageObject\",\"inLanguage\":\"de\",\"@id\":\"https:\\\/\\\/upd-initiative.ch\\\/de\\\/#\\\/schema\\\/logo\\\/image\\\/\",\"url\":\"https:\\\/\\\/upd-initiative.ch\\\/wp-content\\\/uploads\\\/2022\\\/04\\\/Logo-UPDI-Color-RGB-white-bg-some-325px.jpg\",\"contentUrl\":\"https:\\\/\\\/upd-initiative.ch\\\/wp-content\\\/uploads\\\/2022\\\/04\\\/Logo-UPDI-Color-RGB-white-bg-some-325px.jpg\",\"width\":325,\"height\":325,\"caption\":\"Unlocking the Power of Data Initiative\"},\"image\":{\"@id\":\"https:\\\/\\\/upd-initiative.ch\\\/de\\\/#\\\/schema\\\/logo\\\/image\\\/\"}}]}<\/script>\n<!-- \/ Yoast SEO plugin. -->","yoast_head_json":{"title":"Produkte - Unlocking the Power of Data Initiative","robots":{"index":"index","follow":"follow","max-snippet":"max-snippet:-1","max-image-preview":"max-image-preview:large","max-video-preview":"max-video-preview:-1"},"canonical":"https:\/\/upd-initiative.ch\/de\/produkte\/","og_locale":"de_DE","og_type":"article","og_title":"Produkte - Unlocking the Power of Data Initiative","og_description":"[vc_row el_class=&#8220;concept&#8220;][vc_column offset=&#8220;vc_col-xs-12&#8243;][vc_column_text css=&#8220;.vc_custom_1670835538680{margin-bottom: 10px !important;padding-bottom: 0px !important;}&#8220;] Die andere Seite der Geschichte: Mit Daten und Statistiken aus unserer Blase herauskommen &#8211; eine Weiterentwicklung des ber\u00fchmten Diagramms von Hans Rosling. [\/vc_column_text][vc_video link=&#8220;https:\/\/www.youtube.com\/watch?v=FLWidki_drI&#8220;][vc_column_text el_class=&#8220;keymessage&#8220;] Inspiration \/ Credits Gapminder Stiftung \/ Hans,...","og_url":"https:\/\/upd-initiative.ch\/de\/produkte\/","og_site_name":"Unlocking the Power of Data Initiative","article_modified_time":"2025-08-08T05:40:05+00:00","og_image":[{"width":1190,"height":704,"url":"https:\/\/upd-initiative.ch\/wp-content\/uploads\/2022\/04\/Logo-UPDI-Color-RGB-white-bg-some-1190px.jpg","type":"image\/jpeg"}],"twitter_card":"summary_large_image","schema":{"@context":"https:\/\/schema.org","@graph":[{"@type":"WebPage","@id":"https:\/\/upd-initiative.ch\/de\/produkte\/","url":"https:\/\/upd-initiative.ch\/de\/produkte\/","name":"Produkte - Unlocking the Power of Data Initiative","isPartOf":{"@id":"https:\/\/upd-initiative.ch\/de\/#website"},"datePublished":"2022-12-01T14:14:33+00:00","dateModified":"2025-08-08T05:40:05+00:00","breadcrumb":{"@id":"https:\/\/upd-initiative.ch\/de\/produkte\/#breadcrumb"},"inLanguage":"de","potentialAction":[{"@type":"ReadAction","target":["https:\/\/upd-initiative.ch\/de\/produkte\/"]}]},{"@type":"BreadcrumbList","@id":"https:\/\/upd-initiative.ch\/de\/produkte\/#breadcrumb","itemListElement":[{"@type":"ListItem","position":1,"name":"Home","item":"https:\/\/upd-initiative.ch\/de\/"},{"@type":"ListItem","position":2,"name":"Produkte"}]},{"@type":"WebSite","@id":"https:\/\/upd-initiative.ch\/de\/#website","url":"https:\/\/upd-initiative.ch\/de\/","name":"Unlocking the Power of Data Initiative","description":"","publisher":{"@id":"https:\/\/upd-initiative.ch\/de\/#organization"},"potentialAction":[{"@type":"SearchAction","target":{"@type":"EntryPoint","urlTemplate":"https:\/\/upd-initiative.ch\/de\/?s={search_term_string}"},"query-input":{"@type":"PropertyValueSpecification","valueRequired":true,"valueName":"search_term_string"}}],"inLanguage":"de"},{"@type":"Organization","@id":"https:\/\/upd-initiative.ch\/de\/#organization","name":"Unlocking the Power of Data Initiative","url":"https:\/\/upd-initiative.ch\/de\/","logo":{"@type":"ImageObject","inLanguage":"de","@id":"https:\/\/upd-initiative.ch\/de\/#\/schema\/logo\/image\/","url":"https:\/\/upd-initiative.ch\/wp-content\/uploads\/2022\/04\/Logo-UPDI-Color-RGB-white-bg-some-325px.jpg","contentUrl":"https:\/\/upd-initiative.ch\/wp-content\/uploads\/2022\/04\/Logo-UPDI-Color-RGB-white-bg-some-325px.jpg","width":325,"height":325,"caption":"Unlocking the Power of Data Initiative"},"image":{"@id":"https:\/\/upd-initiative.ch\/de\/#\/schema\/logo\/image\/"}}]}},"_links":{"self":[{"href":"https:\/\/upd-initiative.ch\/de\/wp-json\/wp\/v2\/pages\/4690","targetHints":{"allow":["GET"]}}],"collection":[{"href":"https:\/\/upd-initiative.ch\/de\/wp-json\/wp\/v2\/pages"}],"about":[{"href":"https:\/\/upd-initiative.ch\/de\/wp-json\/wp\/v2\/types\/page"}],"author":[{"embeddable":true,"href":"https:\/\/upd-initiative.ch\/de\/wp-json\/wp\/v2\/users\/1"}],"replies":[{"embeddable":true,"href":"https:\/\/upd-initiative.ch\/de\/wp-json\/wp\/v2\/comments?post=4690"}],"version-history":[{"count":8,"href":"https:\/\/upd-initiative.ch\/de\/wp-json\/wp\/v2\/pages\/4690\/revisions"}],"predecessor-version":[{"id":4743,"href":"https:\/\/upd-initiative.ch\/de\/wp-json\/wp\/v2\/pages\/4690\/revisions\/4743"}],"wp:attachment":[{"href":"https:\/\/upd-initiative.ch\/de\/wp-json\/wp\/v2\/media?parent=4690"}],"curies":[{"name":"wp","href":"https:\/\/api.w.org\/{rel}","templated":true}]}}