{"id":3630,"date":"2022-06-16T08:15:03","date_gmt":"2022-06-16T07:15:03","guid":{"rendered":"https:\/\/www.projectrosling.ch\/?page_id=3630"},"modified":"2025-09-02T19:49:56","modified_gmt":"2025-09-02T18:49:56","slug":"unwdf-2021-ergebnisse","status":"publish","type":"page","link":"https:\/\/upd-initiative.ch\/de\/unwdf-2021-ergebnisse\/","title":{"rendered":"Ergebnisse des UNWDF 2021"},"content":{"rendered":"<div class=\"wpb-content-wrapper\"><p>[vc_row css=&#8220;.vc_custom_1642672300523{margin-bottom: 60px !important;padding-top: 0px !important;background-color: #f5f5f5 !important;}&#8220; el_class=&#8220;unwdf-day&#8220;][vc_column width=&#8220;1\/2&#8243;][vc_column_text css=&#8220;.vc_custom_1656482696684{margin-bottom: 15px !important;padding-bottom: 0px !important;padding-left: 15px !important;}&#8220;]<\/p>\n<h3>Schlussbericht des Projekts Road to Bern \/ UNO-Weltdatenforum (UNWDF) 2021<\/h3>\n<p>[\/vc_column_text][vc_column_text css=&#8220;.vc_custom_1656482682150{padding-left: 15px !important;}&#8220;]Der ausschliesslich auf Englisch verf\u00fcgbare Bericht fasst die wichtigsten Informationen f\u00fcr das breite Publikum zusammen. Er wurde im Rahmen des UNWDF konzipiert und soll wegweisend sein.[\/vc_column_text][\/vc_column][vc_column width=&#8220;1\/2&#8243;][vc_single_image image=&#8220;3176&#8243; img_size=&#8220;289&#215;413&#8243; alignment=&#8220;center&#8220; style=&#8220;vc_box_outline&#8220; onclick=&#8220;custom_link&#8220; img_link_target=&#8220;_blank&#8220; link=&#8220;https:\/\/upd-initiative.ch\/wp-content\/uploads\/2022\/06\/Final-Report-RoadtoBern-UNWDF-2021-Project.pdf&#8220;][vc_column_text el_class=&#8220;documents&#8220;]<\/p>\n<p style=\"text-align: center;\"><a href=\"https:\/\/upd-initiative.ch\/wp-content\/uploads\/2022\/06\/Final-Report-RoadtoBern-UNWDF-2021-Project.pdf\" target=\"_blank\" rel=\"noopener noreferrer\">PDF downloaden<\/a><\/p>\n<p>[\/vc_column_text][\/vc_column][\/vc_row][vc_row el_class=&#8220;durabilite&#8220;][vc_column offset=&#8220;vc_col-xs-12&#8243;][vc_column_text css=&#8220;.vc_custom_1656482665715{margin-bottom: 10px !important;padding-bottom: 0px !important;}&#8220;]<\/p>\n<h2>Entdecken Sie die UNWDF-Ergebnisse!<\/h2>\n<p>[\/vc_column_text][vc_column_text]<\/p>\n<p style=\"font-size: 19px;\">Das Weltdatenforum der Vereinten Nationen (UNWDF) 2021 endete am Mittwoch, 6. Oktober 2021, in Bern mit der Verabschiedung des \u00abBern Data Compact for the Decade of Action on the Sustainable Development Goals\u00bb. Klicken Sie\u00a0<a href=\"https:\/\/www.bfs.admin.ch\/bfs\/de\/home.assetdetail.18984102.html\" target=\"_blank\" rel=\"noopener\">hier<\/a> f\u00fcr die Medienmitteilung.<\/p>\n<p>[\/vc_column_text][\/vc_column][\/vc_row][vc_row el_class=&#8220;unwdf-day&#8220; css=&#8220;.vc_custom_1634540945538{margin-top: 60px !important;padding-bottom: 20px !important;}&#8220;][vc_column][vc_icon type=&#8220;material&#8220; icon_material=&#8220;vc-material vc-material-photo_camera&#8220; color=&#8220;custom&#8220; background_style=&#8220;rounded&#8220; custom_color=&#8220;#8a1961&#8243;][vc_column_text css=&#8220;.vc_custom_1656482715703{margin-top: 0px !important;margin-bottom: 0px !important;padding-top: 0px !important;padding-bottom: 0px !important;}&#8220;]<\/p>\n<h3 style=\"padding-top: 0; margin-top: 0;\">Fotogalerie<\/h3>\n<p>[\/vc_column_text][vc_row_inner el_class=&#8220;unwdf-day&#8220;][vc_column_inner width=&#8220;1\/2&#8243;][vc_column_text css=&#8220;.vc_custom_1656482733513{margin-bottom: 8px !important;}&#8220;]03 Oktober 2021[\/vc_column_text][vc_media_grid element_width=&#8220;2&#8243; gap=&#8220;3&#8243; grid_id=&#8220;vc_gid:1656944349055-d76dc2fa-7206-9&#8243; include=&#8220;3198,3201,3204,3207,3210,3213,3216,3219,3222,3225,3228&#8243;][\/vc_column_inner][vc_column_inner width=&#8220;1\/2&#8243;][vc_column_text css=&#8220;.vc_custom_1656482740124{margin-top: 0px !important;margin-bottom: 8px !important;padding-top: 0px !important;}&#8220;]04 Oktober 2021[\/vc_column_text][vc_media_grid element_width=&#8220;2&#8243; gap=&#8220;3&#8243; grid_id=&#8220;vc_gid:1656944349063-1b4eda56-a5fa-8&#8243; include=&#8220;3232,3235,3238,3241,3244,3247,3250,3253,3256,3259,3262,3265,3268,3271,3274,3277,3280&#8243;][\/vc_column_inner][\/vc_row_inner][vc_row_inner el_class=&#8220;unwdf-day&#8220;][vc_column_inner width=&#8220;1\/2&#8243;][vc_column_text css=&#8220;.vc_custom_1656482749861{margin-bottom: 8px !important;}&#8220;]05 Oktober 2021[\/vc_column_text][vc_media_grid element_width=&#8220;2&#8243; gap=&#8220;3&#8243; grid_id=&#8220;vc_gid:1656944349074-3fd73a34-6aec-10&#8243; include=&#8220;3283,3286,3289,3292,3295,3298,3301,3304,3307,3310,3313,3316,3319&#8243;][\/vc_column_inner][vc_column_inner width=&#8220;1\/2&#8243;][vc_column_text css=&#8220;.vc_custom_1656482758732{margin-top: 0px !important;margin-bottom: 8px !important;padding-top: 0px !important;}&#8220;]06 Oktober 2021[\/vc_column_text][vc_media_grid element_width=&#8220;2&#8243; gap=&#8220;3&#8243; grid_id=&#8220;vc_gid:1656944349083-60681423-64af-4&#8243; include=&#8220;3322,3325,3328,3331,3334,3337,3340,3343,3346,3349,3352,3355,3358&#8243;][\/vc_column_inner][\/vc_row_inner][vc_column_text el_class=&#8220;copyright&#8220;]\u00a9 photo \u2013 IISD[\/vc_column_text][vc_zigzag css=&#8220;.vc_custom_1634538030326{padding-top: 20px !important;}&#8220;][\/vc_column][\/vc_row][vc_row el_class=&#8220;unwdf-day&#8220;][vc_column][vc_column_text css=&#8220;.vc_custom_1656482781286{margin-bottom: 0px !important;padding-bottom: 0px !important;}&#8220;]<\/p>\n<h3>Das UNWDF und die Schweiz<\/h3>\n<p>[\/vc_column_text][vc_column_text]W\u00e4hrend des UNWDF wurden 3 Videos gedreht. In den Video wird eine Person gezeigt, die zum UNWDF beigetragen hat oder an einer von der Schweiz organisierten Sitzung teilgenommen hat. Dies ist eine Gelegenheit, das Ereignis durch ihre Aussagen noch einmal zu erleben.[\/vc_column_text][vc_column_text css=&#8220;.vc_custom_1634539648876{margin-right: 0px !important;margin-bottom: 18px !important;padding-top: 10px !important;}&#8220;]<\/p>\n<h4>Shaida Badiee<\/h4>\n<p>[\/vc_column_text][vc_column_text]<strong>Shaida Badiee is talking about the event and the importance of trust in data<br \/>\n<\/strong>Shaida Badiee, Managing Director of Open Data Watch (ODW) and member of the UN World Data Forum programme comitee is explaining the importance of an event like the UNWDF and how it contributes to building trust in data.[\/vc_column_text][vc_video link=&#8220;https:\/\/youtu.be\/d-Q1pLvVz6c&#8220;][vc_column_text css=&#8220;.vc_custom_1634540039552{margin-right: 0px !important;margin-bottom: 18px !important;padding-top: 20px !important;}&#8220;]<\/p>\n<h4>Thomas Gass<\/h4>\n<p>[\/vc_column_text][vc_column_text]<strong>Thomas Gass nous donne des pistes d&#8217;am\u00e9liorations sur la collecte des donn\u00e9es<br \/>\n<\/strong>Thomas Gass, ambassadeur, vice-directeur et chef du Domaine de direction Coop\u00e9ration Sud de la Direction du d\u00e9veloppement et de la coop\u00e9ration (DDC) nous donne des pistes d&#8217;am\u00e9lioration sur la collecte des donn\u00e9es.[\/vc_column_text][vc_video link=&#8220;https:\/\/youtu.be\/ZwkUTAwa7ZQ&#8220;][vc_column_text css=&#8220;.vc_custom_1634540053150{margin-right: 0px !important;margin-bottom: 18px !important;padding-top: 20px !important;}&#8220;]<\/p>\n<h4>Stefan Schweinfest<\/h4>\n<p>[\/vc_column_text][vc_column_text]<strong>Stefan Schweinfest spricht \u00fcber die Zusammenarbeit mit der Schweiz<br \/>\n<\/strong>Stefan Schweinfest, Direktor der UNO-Statistikdivision, spricht \u00fcber die Zusammenarbeit mit der Schweiz in der Vorbereitung und Durchf\u00fchrung des dritten World Data Forums. Auch das erstmalig zur Anwendung kommende Nachhaltigkeitskonzept und die Herausforderungen der Zeit f\u00fcr die \u00f6ffentliche Statistik kommen zur Sprache. Und, last but not least, geht der oberste Vertreter der UNO in Sachen Statistik der Frage nach, wie junge Menschen f\u00fcr Statistik begeistert werden k\u00f6nnen oder es teilweise schon sind.[\/vc_column_text][vc_video link=&#8220;https:\/\/youtu.be\/VFA9WXhTP6U&#8220;][\/vc_column][\/vc_row][vc_row css=&#8220;.vc_custom_1634541250297{padding-top: 50px !important;}&#8220; el_class=&#8220;unwdf-day&#8220;][vc_column][vc_column_text css=&#8220;.vc_custom_1656482827604{margin-bottom: 15px !important;padding-bottom: 0px !important;}&#8220;]<\/p>\n<h3>Synthese<\/h3>\n<p>[\/vc_column_text][vc_column_text]Wie bei den ersten beiden Ausgaben des UNWDF wurden die Ergebnisse der Konferenz in einem gemeinsamen Abschlussdokument festgehalten, das nun unter dem Titel \u00abBern Data Compact for the Decade of Action on the Sustainable Development Goals\u00bb erschienen ist. Die internationale Gemeinschaft und die nationalen Regierungen werden darin dazu aufgerufen, die Zusammenarbeit zwischen den verschiedenen Gemeinschaften innerhalb des Daten\u00f6kosystems zu festigen, um die Umsetzung der Agenda 2030 voranzutreiben.[\/vc_column_text][vc_single_image image=&#8220;3184&#8243; img_size=&#8220;&#8220; onclick=&#8220;custom_link&#8220; img_link_target=&#8220;_blank&#8220; link=&#8220;https:\/\/upd-initiative.ch\/wp-content\/uploads\/2022\/06\/UNWDF-Outcome-Document.pdf&#8220;][vc_column_text]<a href=\"https:\/\/upd-initiative.ch\/wp-content\/uploads\/2022\/06\/UNWDF-Outcome-Document.pdf\" target=\"_blank\" rel=\"noopener noreferrer\">PDF downloaden<\/a>[\/vc_column_text][\/vc_column][\/vc_row][vc_row css=&#8220;.vc_custom_1634541258893{padding-top: 40px !important;}&#8220; el_class=&#8220;unwdf-day&#8220;][vc_column][vc_column_text css=&#8220;.vc_custom_1656482949686{margin-bottom: 15px !important;padding-top: 20px !important;padding-bottom: 0px !important;}&#8220;]<\/p>\n<h3>VIDEO \u00abWas haben Statistiken jemals f\u00fcr uns getan?\u00bb<\/h3>\n<p>[\/vc_column_text][vc_column_text]Dieses Video wurde f\u00fcr die Er\u00f6ffnungsfeier des UNO-Weltdatenforums (UNWDF) gedreht und will mit einer Prise Humor den Mehrwert, den statistischen Daten bieten, aufzeigen.[\/vc_column_text][vc_video link=&#8220;https:\/\/www.youtube.com\/watch?v=HigpKOWNdXU&#8220;][\/vc_column][\/vc_row][vc_row css=&#8220;.vc_custom_1634541265253{padding-top: 55px !important;}&#8220; el_class=&#8220;unwdf-day&#8220;][vc_column width=&#8220;1\/2&#8243; css=&#8220;.vc_custom_1633260328170{padding-bottom: 10px !important;}&#8220;][vc_column_text css=&#8220;.vc_custom_1634540255463{margin-bottom: 15px !important;padding-bottom: 0px !important;}&#8220;]<\/p>\n<h3>SDGraphical<\/h3>\n<p>[\/vc_column_text][vc_column_text]Das vorliegende Buch ist das Ergebnis jahrelanger Arbeit der UN-Statistikkommission. Es pr\u00e4sentiert eine Vielzahl von Daten und Indikatoren zum Zustand unserer heutigen Welt. Wie durch ein Vergr\u00f6sserungsglas wird aufgezeigt, wo unsere gemeinsamen Anstrengungen Fr\u00fcchte tragen und wo noch Handlungsbedarf besteht.<\/p>\n<p>Lesen Sie das Buch jetzt![\/vc_column_text]<div class=\"gt-button gt-style-1 gt-align-left gt-inline-false gt-margin-false\"><a href=\"https:\/\/upd-initiative.ch\/wp-content\/uploads\/2022\/06\/BFS_SDG_Web_CoverInhalt.pdf\" target=\"_blank\"><span>Das Buch lesen<\/span><\/a><\/div>[\/vc_column][vc_column width=&#8220;1\/2&#8243;][vc_single_image image=&#8220;3191&#8243; img_size=&#8220;289&#215;413&#8243; alignment=&#8220;center&#8220; style=&#8220;vc_box_shadow_border&#8220; onclick=&#8220;custom_link&#8220; img_link_target=&#8220;_blank&#8220; css_animation=&#8220;left-to-right&#8220; css=&#8220;.vc_custom_1655375564100{margin-top: 22px !important;padding-top: 5px !important;}&#8220; link=&#8220;https:\/\/upd-initiative.ch\/wp-content\/uploads\/2022\/06\/BFS_SDG_Web_CoverInhalt.pdf&#8220;][\/vc_column][\/vc_row][vc_row el_class=&#8220;unwdf-day&#8220; css=&#8220;.vc_custom_1634540503152{margin-top: 60px !important;}&#8220;][vc_column][vc_column_text css=&#8220;.vc_custom_1656483033701{margin-bottom: 5px !important;padding-top: 20px !important;padding-bottom: 0px !important;}&#8220;]<\/p>\n<h3>Er\u00f6ffnungsfeier<\/h3>\n<p>[\/vc_column_text][vc_column_text css=&#8220;.vc_custom_1656483066181{margin-right: 0px !important;margin-bottom: 15px !important;padding-top: 0px !important;padding-bottom: 0px !important;}&#8220;]<\/p>\n<h4>Rede von Alain Berset,<\/h4>\n<p>Vorsteher des Departementes des Innern[\/vc_column_text][vc_video link=&#8220;https:\/\/www.youtube.com\/watch?v=WZhgw-zpTPg&amp;t=601s&#8220;][vc_row_inner css=&#8220;.vc_custom_1634541322858{margin-top: 0px !important;padding-top: 0px !important;}&#8220;][vc_column_inner width=&#8220;1\/2&#8243;][vc_column_text css=&#8220;.vc_custom_1656483104141{margin-right: 0px !important;margin-bottom: 15px !important;padding-top: 0px !important;padding-bottom: 0px !important;}&#8220;]<\/p>\n<h4>Rede von Ant\u00f3nio Guterres,<\/h4>\n<p>Generalsekret\u00e4r der Vereinten Nationen[\/vc_column_text][vc_video link=&#8220;https:\/\/www.youtube.com\/watch?v=cRoTtNiKa7M&amp;feature=youtu.be&#8220;][\/vc_column_inner][vc_column_inner width=&#8220;1\/2&#8243;][vc_column_text css=&#8220;.vc_custom_1656483132919{margin-right: 0px !important;margin-bottom: 15px !important;padding-top: 0px !important;padding-bottom: 0px !important;}&#8220;]<\/p>\n<h4>Rede von Brad Smith,<\/h4>\n<p>Pr\u00e4sident von Microsoft[\/vc_column_text][vc_raw_html]JTNDZGl2JTIwY2xhc3MlM0QlMjJ3cGJfdmlkZW9fd2lkZ2V0JTIwd3BiX2NvbnRlbnRfZWxlbWVudCUyMHZjX2NsZWFyZml4JTIwJTIwJTIwdmNfdmlkZW8tYXNwZWN0LXJhdGlvLTE2OSUyMHZjX3ZpZGVvLWVsLXdpZHRoLTEwMCUyMHZjX3ZpZGVvLWFsaWduLWxlZnQlMjIlMjAlM0UlMEElMDklMDklM0NkaXYlMjBjbGFzcyUzRCUyMndwYl93cmFwcGVyJTIyJTNFJTBBJTA5JTA5JTA5JTBBJTA5JTA5JTA5JTNDZGl2JTIwY2xhc3MlM0QlMjJ3cGJfdmlkZW9fd3JhcHBlciUyMiUzRSUzQ2lmcmFtZSUyMHRpdGxlJTNEJTIyVU4lMjBXb3JsZCUyMERhdGElMjBGb3J1bSUyMDIwMjElMjAlRTIlODAlOTMlMjBLZXlub3RlJTIwQWRkcmVzcyUyMGJ5JTIwQnJhZCUyMFNtaXRoJTJDJTIwUHJlc2lkZW50JTIwb2YlMjBNaWNyb3NvZnQlMjIlMjB3aWR0aCUzRCUyMjUwMCUyMiUyMGhlaWdodCUzRCUyMjI4MSUyMiUyMHNyYyUzRCUyMmh0dHBzJTNBJTJGJTJGd3d3LnlvdXR1YmUuY29tJTJGZW1iZWQlMkZ0M1FnQkFTVmZrTSUzRmZlYXR1cmUlM0RvZW1iZWQlMjIlMjBmcmFtZWJvcmRlciUzRCUyMjAlMjIlMjBhbGxvdyUzRCUyMmFjY2VsZXJvbWV0ZXIlM0IlMjBhdXRvcGxheSUzQiUyMGNsaXBib2FyZC13cml0ZSUzQiUyMGVuY3J5cHRlZC1tZWRpYSUzQiUyMGd5cm9zY29wZSUzQiUyMHBpY3R1cmUtaW4tcGljdHVyZSUyMiUyMGFsbG93ZnVsbHNjcmVlbiUzRSUzQyUyRmlmcmFtZSUzRSUzQyUyRmRpdiUzRSUwQSUwOSUwOSUzQyUyRmRpdiUzRSUwQSUwOSUzQyUyRmRpdiUzRQ==[\/vc_raw_html][\/vc_column_inner][\/vc_row_inner][\/vc_column][\/vc_row][vc_row el_class=&#8220;unwdf-day&#8220; css=&#8220;.vc_custom_1634545956452{margin-top: 60px !important;}&#8220;][vc_column][vc_column_text css=&#8220;.vc_custom_1656483157958{margin-bottom: 0px !important;padding-bottom: 0px !important;}&#8220;]<\/p>\n<h3>5 Pers\u00f6nlichkeiten und die SDG<\/h3>\n<p>[\/vc_column_text][vc_column_text css=&#8220;.vc_custom_1656483177102{margin-bottom: 0px !important;padding-bottom: 0px !important;}&#8220;]Im Folgenden finden Sie f\u00fcnf Videos zu f\u00fcnf Schweizer Pers\u00f6nlichkeiten, die anl\u00e4sslich des UNWDF gedreht wurden: Der Schwimmer Ernst Bromeis, die Orientierungslauf-Weltmeisterin Simone Niggli, der Architekt Mario Botta, der Landwirt und Politiker Fernand Cuche und die Nationalr\u00e4tin Anna Giacometti engagieren sich f\u00fcr eine nachhaltige Entwicklung.<\/p>\n<p>Die Videos wurden auf R\u00e4toromanisch, Italienisch, Franz\u00f6sisch und Deutsch gedreht und mit Untertiteln in verschiedenen Sprachen versehen.[\/vc_column_text][vc_row_inner][vc_column_inner width=&#8220;1\/2&#8243;][vc_column_text css=&#8220;.vc_custom_1634540700874{margin-top: 0px !important;margin-right: 0px !important;margin-bottom: 15px !important;border-top-width: 0px !important;padding-top: 0px !important;}&#8220;]<\/p>\n<h4>Ernst Bromeis<\/h4>\n<p>[\/vc_column_text][vc_video link=&#8220;https:\/\/youtu.be\/ylDrFn-p7co&#8220;][\/vc_column_inner][vc_column_inner width=&#8220;1\/2&#8243;][vc_column_text css=&#8220;.vc_custom_1634540712693{margin-top: 0px !important;margin-right: 0px !important;margin-bottom: 15px !important;border-top-width: 0px !important;padding-top: 0px !important;}&#8220;]<\/p>\n<h4>Anna Giacometti<\/h4>\n<p>[\/vc_column_text][vc_video link=&#8220;https:\/\/youtu.be\/RAxUqADlIQk&#8220;][\/vc_column_inner][\/vc_row_inner][vc_row_inner][vc_column_inner width=&#8220;1\/2&#8243;][vc_column_text css=&#8220;.vc_custom_1634540727627{margin-top: 0px !important;margin-right: 0px !important;margin-bottom: 15px !important;border-top-width: 0px !important;padding-top: 0px !important;}&#8220;]<\/p>\n<h4>Mario Botta<\/h4>\n<p>[\/vc_column_text][vc_video link=&#8220;https:\/\/youtu.be\/JaFk03EFD4s&#8220;][\/vc_column_inner][vc_column_inner width=&#8220;1\/2&#8243;][vc_column_text css=&#8220;.vc_custom_1634540738580{margin-top: 0px !important;margin-right: 0px !important;margin-bottom: 15px !important;border-top-width: 0px !important;padding-top: 0px !important;}&#8220;]<\/p>\n<h4><strong>Simone Niggli<\/strong><\/h4>\n<p>[\/vc_column_text][vc_video link=&#8220;https:\/\/youtu.be\/huCixEzmcQk&#8220;][\/vc_column_inner][\/vc_row_inner][vc_row_inner][vc_column_inner width=&#8220;1\/2&#8243;][vc_column_text css=&#8220;.vc_custom_1634540755765{margin-top: 0px !important;margin-right: 0px !important;margin-bottom: 15px !important;border-top-width: 0px !important;padding-top: 0px !important;}&#8220;]<\/p>\n<h4>Fernand Cuche<\/h4>\n<p>[\/vc_column_text][vc_video link=&#8220;https:\/\/youtu.be\/6sX1Sr9WghY&#8220;][\/vc_column_inner][vc_column_inner width=&#8220;1\/2&#8243;][\/vc_column_inner][\/vc_row_inner][\/vc_column][\/vc_row]<\/p>\n<\/div>","protected":false},"excerpt":{"rendered":"<p>[vc_row css=&#8220;.vc_custom_1642672300523{margin-bottom: 60px !important;padding-top: 0px !important;background-color: #f5f5f5 !important;}&#8220; el_class=&#8220;unwdf-day&#8220;][vc_column width=&#8220;1\/2&#8243;][vc_column_text css=&#8220;.vc_custom_1656482696684{margin-bottom: 15px !important;padding-bottom: 0px !important;padding-left: 15px !important;}&#8220;] Schlussbericht des Projekts Road to Bern \/ UNO-Weltdatenforum (UNWDF) 2021 [\/vc_column_text][vc_column_text css=&#8220;.vc_custom_1656482682150{padding-left: 15px !important;}&#8220;]Der ausschliesslich auf Englisch verf\u00fcgbare Bericht fasst die wichtigsten Informationen&#8230;<\/p>\n","protected":false},"author":1,"featured_media":0,"parent":0,"menu_order":0,"comment_status":"closed","ping_status":"closed","template":"","meta":{"_vp_format_video_url":"","_vp_image_focal_point":[],"footnotes":""},"class_list":["post-3630","page","type-page","status-publish","hentry"],"yoast_head":"<!-- This site is optimized with the Yoast SEO plugin v27.3 - https:\/\/yoast.com\/product\/yoast-seo-wordpress\/ -->\n<title>Ergebnisse des UNWDF 2021 - Unlocking the Power of Data Initiative<\/title>\n<meta name=\"robots\" content=\"index, follow, max-snippet:-1, max-image-preview:large, max-video-preview:-1\" \/>\n<link rel=\"canonical\" href=\"https:\/\/upd-initiative.ch\/de\/unwdf-2021-ergebnisse\/\" \/>\n<meta property=\"og:locale\" content=\"de_DE\" \/>\n<meta property=\"og:type\" content=\"article\" \/>\n<meta property=\"og:title\" content=\"Ergebnisse des UNWDF 2021 - Unlocking the Power of Data Initiative\" \/>\n<meta property=\"og:description\" content=\"[vc_row css=&#8220;.vc_custom_1642672300523{margin-bottom: 60px !important;padding-top: 0px !important;background-color: #f5f5f5 !important;}&#8220; el_class=&#8220;unwdf-day&#8220;][vc_column width=&#8220;1\/2&#8243;][vc_column_text css=&#8220;.vc_custom_1656482696684{margin-bottom: 15px !important;padding-bottom: 0px !important;padding-left: 15px !important;}&#8220;] Schlussbericht des Projekts Road to Bern \/ UNO-Weltdatenforum (UNWDF) 2021 [\/vc_column_text][vc_column_text css=&#8220;.vc_custom_1656482682150{padding-left: 15px !important;}&#8220;]Der ausschliesslich auf Englisch verf\u00fcgbare Bericht fasst die wichtigsten Informationen...\" \/>\n<meta property=\"og:url\" content=\"https:\/\/upd-initiative.ch\/de\/unwdf-2021-ergebnisse\/\" \/>\n<meta property=\"og:site_name\" content=\"Unlocking the Power of Data Initiative\" \/>\n<meta property=\"article:modified_time\" content=\"2025-09-02T18:49:56+00:00\" \/>\n<meta property=\"og:image\" content=\"https:\/\/upd-initiative.ch\/wp-content\/uploads\/2022\/04\/Logo-UPDI-Color-RGB-white-bg-some-1190px.jpg\" \/>\n\t<meta property=\"og:image:width\" content=\"1190\" \/>\n\t<meta property=\"og:image:height\" content=\"704\" \/>\n\t<meta property=\"og:image:type\" content=\"image\/jpeg\" \/>\n<meta name=\"twitter:card\" content=\"summary_large_image\" \/>\n<script type=\"application\/ld+json\" class=\"yoast-schema-graph\">{\"@context\":\"https:\\\/\\\/schema.org\",\"@graph\":[{\"@type\":\"WebPage\",\"@id\":\"https:\\\/\\\/upd-initiative.ch\\\/de\\\/unwdf-2021-ergebnisse\\\/\",\"url\":\"https:\\\/\\\/upd-initiative.ch\\\/de\\\/unwdf-2021-ergebnisse\\\/\",\"name\":\"Ergebnisse des UNWDF 2021 - Unlocking the Power of Data Initiative\",\"isPartOf\":{\"@id\":\"https:\\\/\\\/upd-initiative.ch\\\/de\\\/#website\"},\"datePublished\":\"2022-06-16T07:15:03+00:00\",\"dateModified\":\"2025-09-02T18:49:56+00:00\",\"breadcrumb\":{\"@id\":\"https:\\\/\\\/upd-initiative.ch\\\/de\\\/unwdf-2021-ergebnisse\\\/#breadcrumb\"},\"inLanguage\":\"de\",\"potentialAction\":[{\"@type\":\"ReadAction\",\"target\":[\"https:\\\/\\\/upd-initiative.ch\\\/de\\\/unwdf-2021-ergebnisse\\\/\"]}]},{\"@type\":\"BreadcrumbList\",\"@id\":\"https:\\\/\\\/upd-initiative.ch\\\/de\\\/unwdf-2021-ergebnisse\\\/#breadcrumb\",\"itemListElement\":[{\"@type\":\"ListItem\",\"position\":1,\"name\":\"Home\",\"item\":\"https:\\\/\\\/upd-initiative.ch\\\/de\\\/\"},{\"@type\":\"ListItem\",\"position\":2,\"name\":\"Ergebnisse des UNWDF 2021\"}]},{\"@type\":\"WebSite\",\"@id\":\"https:\\\/\\\/upd-initiative.ch\\\/de\\\/#website\",\"url\":\"https:\\\/\\\/upd-initiative.ch\\\/de\\\/\",\"name\":\"Unlocking the Power of Data Initiative\",\"description\":\"\",\"publisher\":{\"@id\":\"https:\\\/\\\/upd-initiative.ch\\\/de\\\/#organization\"},\"potentialAction\":[{\"@type\":\"SearchAction\",\"target\":{\"@type\":\"EntryPoint\",\"urlTemplate\":\"https:\\\/\\\/upd-initiative.ch\\\/de\\\/?s={search_term_string}\"},\"query-input\":{\"@type\":\"PropertyValueSpecification\",\"valueRequired\":true,\"valueName\":\"search_term_string\"}}],\"inLanguage\":\"de\"},{\"@type\":\"Organization\",\"@id\":\"https:\\\/\\\/upd-initiative.ch\\\/de\\\/#organization\",\"name\":\"Unlocking the Power of Data Initiative\",\"url\":\"https:\\\/\\\/upd-initiative.ch\\\/de\\\/\",\"logo\":{\"@type\":\"ImageObject\",\"inLanguage\":\"de\",\"@id\":\"https:\\\/\\\/upd-initiative.ch\\\/de\\\/#\\\/schema\\\/logo\\\/image\\\/\",\"url\":\"https:\\\/\\\/upd-initiative.ch\\\/wp-content\\\/uploads\\\/2022\\\/04\\\/Logo-UPDI-Color-RGB-white-bg-some-325px.jpg\",\"contentUrl\":\"https:\\\/\\\/upd-initiative.ch\\\/wp-content\\\/uploads\\\/2022\\\/04\\\/Logo-UPDI-Color-RGB-white-bg-some-325px.jpg\",\"width\":325,\"height\":325,\"caption\":\"Unlocking the Power of Data Initiative\"},\"image\":{\"@id\":\"https:\\\/\\\/upd-initiative.ch\\\/de\\\/#\\\/schema\\\/logo\\\/image\\\/\"}}]}<\/script>\n<!-- \/ Yoast SEO plugin. -->","yoast_head_json":{"title":"Ergebnisse des UNWDF 2021 - Unlocking the Power of Data Initiative","robots":{"index":"index","follow":"follow","max-snippet":"max-snippet:-1","max-image-preview":"max-image-preview:large","max-video-preview":"max-video-preview:-1"},"canonical":"https:\/\/upd-initiative.ch\/de\/unwdf-2021-ergebnisse\/","og_locale":"de_DE","og_type":"article","og_title":"Ergebnisse des UNWDF 2021 - Unlocking the Power of Data Initiative","og_description":"[vc_row css=&#8220;.vc_custom_1642672300523{margin-bottom: 60px !important;padding-top: 0px !important;background-color: #f5f5f5 !important;}&#8220; el_class=&#8220;unwdf-day&#8220;][vc_column width=&#8220;1\/2&#8243;][vc_column_text css=&#8220;.vc_custom_1656482696684{margin-bottom: 15px !important;padding-bottom: 0px !important;padding-left: 15px !important;}&#8220;] Schlussbericht des Projekts Road to Bern \/ UNO-Weltdatenforum (UNWDF) 2021 [\/vc_column_text][vc_column_text css=&#8220;.vc_custom_1656482682150{padding-left: 15px !important;}&#8220;]Der ausschliesslich auf Englisch verf\u00fcgbare Bericht fasst die wichtigsten Informationen...","og_url":"https:\/\/upd-initiative.ch\/de\/unwdf-2021-ergebnisse\/","og_site_name":"Unlocking the Power of Data Initiative","article_modified_time":"2025-09-02T18:49:56+00:00","og_image":[{"width":1190,"height":704,"url":"https:\/\/upd-initiative.ch\/wp-content\/uploads\/2022\/04\/Logo-UPDI-Color-RGB-white-bg-some-1190px.jpg","type":"image\/jpeg"}],"twitter_card":"summary_large_image","schema":{"@context":"https:\/\/schema.org","@graph":[{"@type":"WebPage","@id":"https:\/\/upd-initiative.ch\/de\/unwdf-2021-ergebnisse\/","url":"https:\/\/upd-initiative.ch\/de\/unwdf-2021-ergebnisse\/","name":"Ergebnisse des UNWDF 2021 - Unlocking the Power of Data Initiative","isPartOf":{"@id":"https:\/\/upd-initiative.ch\/de\/#website"},"datePublished":"2022-06-16T07:15:03+00:00","dateModified":"2025-09-02T18:49:56+00:00","breadcrumb":{"@id":"https:\/\/upd-initiative.ch\/de\/unwdf-2021-ergebnisse\/#breadcrumb"},"inLanguage":"de","potentialAction":[{"@type":"ReadAction","target":["https:\/\/upd-initiative.ch\/de\/unwdf-2021-ergebnisse\/"]}]},{"@type":"BreadcrumbList","@id":"https:\/\/upd-initiative.ch\/de\/unwdf-2021-ergebnisse\/#breadcrumb","itemListElement":[{"@type":"ListItem","position":1,"name":"Home","item":"https:\/\/upd-initiative.ch\/de\/"},{"@type":"ListItem","position":2,"name":"Ergebnisse des UNWDF 2021"}]},{"@type":"WebSite","@id":"https:\/\/upd-initiative.ch\/de\/#website","url":"https:\/\/upd-initiative.ch\/de\/","name":"Unlocking the Power of Data Initiative","description":"","publisher":{"@id":"https:\/\/upd-initiative.ch\/de\/#organization"},"potentialAction":[{"@type":"SearchAction","target":{"@type":"EntryPoint","urlTemplate":"https:\/\/upd-initiative.ch\/de\/?s={search_term_string}"},"query-input":{"@type":"PropertyValueSpecification","valueRequired":true,"valueName":"search_term_string"}}],"inLanguage":"de"},{"@type":"Organization","@id":"https:\/\/upd-initiative.ch\/de\/#organization","name":"Unlocking the Power of Data Initiative","url":"https:\/\/upd-initiative.ch\/de\/","logo":{"@type":"ImageObject","inLanguage":"de","@id":"https:\/\/upd-initiative.ch\/de\/#\/schema\/logo\/image\/","url":"https:\/\/upd-initiative.ch\/wp-content\/uploads\/2022\/04\/Logo-UPDI-Color-RGB-white-bg-some-325px.jpg","contentUrl":"https:\/\/upd-initiative.ch\/wp-content\/uploads\/2022\/04\/Logo-UPDI-Color-RGB-white-bg-some-325px.jpg","width":325,"height":325,"caption":"Unlocking the Power of Data Initiative"},"image":{"@id":"https:\/\/upd-initiative.ch\/de\/#\/schema\/logo\/image\/"}}]}},"_links":{"self":[{"href":"https:\/\/upd-initiative.ch\/de\/wp-json\/wp\/v2\/pages\/3630","targetHints":{"allow":["GET"]}}],"collection":[{"href":"https:\/\/upd-initiative.ch\/de\/wp-json\/wp\/v2\/pages"}],"about":[{"href":"https:\/\/upd-initiative.ch\/de\/wp-json\/wp\/v2\/types\/page"}],"author":[{"embeddable":true,"href":"https:\/\/upd-initiative.ch\/de\/wp-json\/wp\/v2\/users\/1"}],"replies":[{"embeddable":true,"href":"https:\/\/upd-initiative.ch\/de\/wp-json\/wp\/v2\/comments?post=3630"}],"version-history":[{"count":8,"href":"https:\/\/upd-initiative.ch\/de\/wp-json\/wp\/v2\/pages\/3630\/revisions"}],"predecessor-version":[{"id":4021,"href":"https:\/\/upd-initiative.ch\/de\/wp-json\/wp\/v2\/pages\/3630\/revisions\/4021"}],"wp:attachment":[{"href":"https:\/\/upd-initiative.ch\/de\/wp-json\/wp\/v2\/media?parent=3630"}],"curies":[{"name":"wp","href":"https:\/\/api.w.org\/{rel}","templated":true}]}}