{"id":3629,"date":"2022-06-16T13:06:48","date_gmt":"2022-06-16T12:06:48","guid":{"rendered":"https:\/\/www.projectrosling.ch\/?page_id=3629"},"modified":"2025-08-08T06:40:12","modified_gmt":"2025-08-08T05:40:12","slug":"nachhaltigkeit","status":"publish","type":"page","link":"https:\/\/upd-initiative.ch\/de\/nachhaltigkeit\/","title":{"rendered":"Nachhaltigkeit"},"content":{"rendered":"<div class=\"wpb-content-wrapper\"><p>[vc_row el_class=&#8220;durabilite&#8220;][vc_column offset=&#8220;vc_col-xs-12&#8243;][vc_column_text css=&#8220;.vc_custom_1702489566670{margin-bottom: 0px !important;}&#8220;]<\/p>\n<h2>Nachhaltigkeitskonzept<\/h2>\n<p>Die Durchf\u00fchrung von nationalen und internationalen Veranstaltungen durch die Schweizer Eidgenossenschaft ist eine wichtige Aufgabe von Bundes\u00e4mtern. Die Nachhaltigkeit und deren Umsetzung betrifft alle drei Dimensionen: Soziales, Wirtschaft und Umwelt. Die Nachhaltigkeit und der damit verbundene schonende Einsatz von Ressourcen sollen bei diesen Veranstaltungen ein zentrales Element darstellen. Bei der Erarbeitung des vorliegenden Konzepts wurden alle drei Dimensionen ber\u00fccksichtigt.<\/p>\n<p>Dieses Konzept basiert auf dem Nachhaltigkeitskonzept, welches f\u00fcr die Durchf\u00fchrung des \u00ab3. United Nations World Data Forum (UNWDF)\u00bb, im Oktober 2021 erstellt und angewandt wurde.<\/p>\n<p>Das vorliegende Konzept ber\u00fccksichtigt zudem weitere Dokumente, Empfehlungen und Entscheide, welche in der Bundesverwaltung bereits angewendet werden, sowie Praxisbeispiele welche ebenfalls bereits durch verschiedene Akteure regelm\u00e4ssig umgesetzt werden.<\/p>\n<p>Die Jahre der Pandemie haben in diesem Zusammenhang M\u00f6glichkeiten aufgezeigt, welche Arten von Veranstaltungen existieren. Heute spricht man von drei M\u00f6glichkeiten: a) Vor Ort Veranstaltung b) hybride Veranstaltungen und c) virtuelle Veranstaltungen.<\/p>\n<p>Ganz nach dem Motto \u00ab<em>Leaving no one behind<\/em>\u00bb sollen L\u00f6sungen zur nachhaltigeren Durchf\u00fchrung gefunden werden, bei denen die Umwelt, die Menschen und die lokale Wirtschaft im Sinne der Nachhaltigkeit miteingebunden werden. Die im Nachgang erw\u00e4hnten Massnahmen und Empfehlungen sind nicht als abschliessend zu betrachten, jedoch k\u00f6nnen sie bei der Durchf\u00fchrung von nationalen und internationalen Veranstaltungen als Grundlage und Richtlinie angewendet werden. Dies ist selbstverst\u00e4ndlich nicht nur bei Veranstaltungen der Bundesverwaltung m\u00f6glich.<\/p>\n<p>Das Konzept im PDF findet ihr am Ende dieser Seite.<\/p>\n<p>Die Massnahmen und Empfehlungen, auch nach den SDGs gefiltert, sind hier zu finden: <a href=\"https:\/\/upd-initiative.ch\/de\/massnahmen-und-empfehlungen\/\">https:\/\/upd-initiative.ch\/de\/massnahmen-und-empfehlungen\/<\/a><\/p>\n<p>Den Konfigurator f\u00fcr euren Event findet ihr hier: <a href=\"https:\/\/upd-initiative.ch\/de\/konfigurator\/\">https:\/\/upd-initiative.ch\/de\/konfigurator\/<\/a><\/p>\n<p>Das Konzept zum UNWDF sowie der Analyse zur Umsetzung ist hier zu finden:\u00a0<a href=\"https:\/\/upd-initiative.ch\/de\/nachhaltigkeit-unwdf-2021\/\">https:\/\/upd-initiative.ch\/de\/nachhaltigkeit-unwdf-2021\/<\/a><\/p>\n<p>Viel Spass![\/vc_column_text][\/vc_column][\/vc_row][vc_row][vc_column][vc_column_text]<\/p>\n<h3>Dokument<\/h3>\n<p>[\/vc_column_text][vc_row_inner el_class=&#8220;documents&#8220;][vc_column_inner width=&#8220;1\/3&#8243;][vc_column_text css=&#8220;.vc_custom_1702487949984{margin-bottom: 5px !important;padding-bottom: 0px !important;}&#8220;]<\/p>\n<p class=\"FW500\">Veranstaltungen nachhaltig durchf\u00fchren &#8211;<br \/>\nein Nachhaltigkeitskonzept<\/p>\n<p>[\/vc_column_text][vc_column_text]<a href=\"https:\/\/upd-initiative.ch\/wp-content\/uploads\/2023\/12\/veranstaltungen-nachhaltig-durchfuehren-ein-nachhaltigkeitskonzept.pdf\" target=\"_blank\" rel=\"noopener noreferrer\">PDF downloaden<\/a>[\/vc_column_text][\/vc_column_inner][\/vc_row_inner][vc_row_inner][vc_column_inner width=&#8220;1\/3&#8243;][vc_single_image image=&#8220;7098&#8243; img_size=&#8220;&#8220; onclick=&#8220;custom_link&#8220; link=&#8220;https:\/\/upd-initiative.ch\/wp-content\/uploads\/2023\/12\/veranstaltungen-nachhaltig-durchfuehren-ein-nachhaltigkeitskonzept.pdf&#8220; el_class=&#8220;custom-border-pdf&#8220;][\/vc_column_inner][\/vc_row_inner][\/vc_column][\/vc_row]<\/p>\n<\/div>","protected":false},"excerpt":{"rendered":"<p>[vc_row el_class=&#8220;durabilite&#8220;][vc_column offset=&#8220;vc_col-xs-12&#8243;][vc_column_text css=&#8220;.vc_custom_1702489566670{margin-bottom: 0px !important;}&#8220;] Nachhaltigkeitskonzept Die Durchf\u00fchrung von nationalen und internationalen Veranstaltungen durch die Schweizer Eidgenossenschaft ist eine wichtige Aufgabe von Bundes\u00e4mtern. Die Nachhaltigkeit und deren Umsetzung betrifft alle drei Dimensionen: Soziales, Wirtschaft und Umwelt. Die Nachhaltigkeit und&#8230;<\/p>\n","protected":false},"author":1,"featured_media":0,"parent":0,"menu_order":0,"comment_status":"closed","ping_status":"closed","template":"","meta":{"_vp_format_video_url":"","_vp_image_focal_point":[],"footnotes":""},"class_list":["post-3629","page","type-page","status-publish","hentry"],"yoast_head":"<!-- This site is optimized with the Yoast SEO plugin v27.3 - https:\/\/yoast.com\/product\/yoast-seo-wordpress\/ -->\n<title>Nachhaltigkeit - Unlocking the Power of Data Initiative<\/title>\n<meta name=\"robots\" content=\"index, follow, max-snippet:-1, max-image-preview:large, max-video-preview:-1\" \/>\n<link rel=\"canonical\" href=\"https:\/\/upd-initiative.ch\/de\/nachhaltigkeit\/\" \/>\n<meta property=\"og:locale\" content=\"de_DE\" \/>\n<meta property=\"og:type\" content=\"article\" \/>\n<meta property=\"og:title\" content=\"Nachhaltigkeit - Unlocking the Power of Data Initiative\" \/>\n<meta property=\"og:description\" content=\"[vc_row el_class=&#8220;durabilite&#8220;][vc_column offset=&#8220;vc_col-xs-12&#8243;][vc_column_text css=&#8220;.vc_custom_1702489566670{margin-bottom: 0px !important;}&#8220;] Nachhaltigkeitskonzept Die Durchf\u00fchrung von nationalen und internationalen Veranstaltungen durch die Schweizer Eidgenossenschaft ist eine wichtige Aufgabe von Bundes\u00e4mtern. Die Nachhaltigkeit und deren Umsetzung betrifft alle drei Dimensionen: Soziales, Wirtschaft und Umwelt. Die Nachhaltigkeit und...\" \/>\n<meta property=\"og:url\" content=\"https:\/\/upd-initiative.ch\/de\/nachhaltigkeit\/\" \/>\n<meta property=\"og:site_name\" content=\"Unlocking the Power of Data Initiative\" \/>\n<meta property=\"article:modified_time\" content=\"2025-08-08T05:40:12+00:00\" \/>\n<meta property=\"og:image\" content=\"https:\/\/upd-initiative.ch\/wp-content\/uploads\/2022\/04\/Logo-UPDI-Color-RGB-white-bg-some-1190px.jpg\" \/>\n\t<meta property=\"og:image:width\" content=\"1190\" \/>\n\t<meta property=\"og:image:height\" content=\"704\" \/>\n\t<meta property=\"og:image:type\" content=\"image\/jpeg\" \/>\n<meta name=\"twitter:card\" content=\"summary_large_image\" \/>\n<script type=\"application\/ld+json\" class=\"yoast-schema-graph\">{\"@context\":\"https:\\\/\\\/schema.org\",\"@graph\":[{\"@type\":\"WebPage\",\"@id\":\"https:\\\/\\\/upd-initiative.ch\\\/de\\\/nachhaltigkeit\\\/\",\"url\":\"https:\\\/\\\/upd-initiative.ch\\\/de\\\/nachhaltigkeit\\\/\",\"name\":\"Nachhaltigkeit - Unlocking the Power of Data Initiative\",\"isPartOf\":{\"@id\":\"https:\\\/\\\/upd-initiative.ch\\\/de\\\/#website\"},\"datePublished\":\"2022-06-16T12:06:48+00:00\",\"dateModified\":\"2025-08-08T05:40:12+00:00\",\"breadcrumb\":{\"@id\":\"https:\\\/\\\/upd-initiative.ch\\\/de\\\/nachhaltigkeit\\\/#breadcrumb\"},\"inLanguage\":\"de\",\"potentialAction\":[{\"@type\":\"ReadAction\",\"target\":[\"https:\\\/\\\/upd-initiative.ch\\\/de\\\/nachhaltigkeit\\\/\"]}]},{\"@type\":\"BreadcrumbList\",\"@id\":\"https:\\\/\\\/upd-initiative.ch\\\/de\\\/nachhaltigkeit\\\/#breadcrumb\",\"itemListElement\":[{\"@type\":\"ListItem\",\"position\":1,\"name\":\"Home\",\"item\":\"https:\\\/\\\/upd-initiative.ch\\\/de\\\/\"},{\"@type\":\"ListItem\",\"position\":2,\"name\":\"Nachhaltigkeit\"}]},{\"@type\":\"WebSite\",\"@id\":\"https:\\\/\\\/upd-initiative.ch\\\/de\\\/#website\",\"url\":\"https:\\\/\\\/upd-initiative.ch\\\/de\\\/\",\"name\":\"Unlocking the Power of Data Initiative\",\"description\":\"\",\"publisher\":{\"@id\":\"https:\\\/\\\/upd-initiative.ch\\\/de\\\/#organization\"},\"potentialAction\":[{\"@type\":\"SearchAction\",\"target\":{\"@type\":\"EntryPoint\",\"urlTemplate\":\"https:\\\/\\\/upd-initiative.ch\\\/de\\\/?s={search_term_string}\"},\"query-input\":{\"@type\":\"PropertyValueSpecification\",\"valueRequired\":true,\"valueName\":\"search_term_string\"}}],\"inLanguage\":\"de\"},{\"@type\":\"Organization\",\"@id\":\"https:\\\/\\\/upd-initiative.ch\\\/de\\\/#organization\",\"name\":\"Unlocking the Power of Data Initiative\",\"url\":\"https:\\\/\\\/upd-initiative.ch\\\/de\\\/\",\"logo\":{\"@type\":\"ImageObject\",\"inLanguage\":\"de\",\"@id\":\"https:\\\/\\\/upd-initiative.ch\\\/de\\\/#\\\/schema\\\/logo\\\/image\\\/\",\"url\":\"https:\\\/\\\/upd-initiative.ch\\\/wp-content\\\/uploads\\\/2022\\\/04\\\/Logo-UPDI-Color-RGB-white-bg-some-325px.jpg\",\"contentUrl\":\"https:\\\/\\\/upd-initiative.ch\\\/wp-content\\\/uploads\\\/2022\\\/04\\\/Logo-UPDI-Color-RGB-white-bg-some-325px.jpg\",\"width\":325,\"height\":325,\"caption\":\"Unlocking the Power of Data Initiative\"},\"image\":{\"@id\":\"https:\\\/\\\/upd-initiative.ch\\\/de\\\/#\\\/schema\\\/logo\\\/image\\\/\"}}]}<\/script>\n<!-- \/ Yoast SEO plugin. -->","yoast_head_json":{"title":"Nachhaltigkeit - Unlocking the Power of Data Initiative","robots":{"index":"index","follow":"follow","max-snippet":"max-snippet:-1","max-image-preview":"max-image-preview:large","max-video-preview":"max-video-preview:-1"},"canonical":"https:\/\/upd-initiative.ch\/de\/nachhaltigkeit\/","og_locale":"de_DE","og_type":"article","og_title":"Nachhaltigkeit - Unlocking the Power of Data Initiative","og_description":"[vc_row el_class=&#8220;durabilite&#8220;][vc_column offset=&#8220;vc_col-xs-12&#8243;][vc_column_text css=&#8220;.vc_custom_1702489566670{margin-bottom: 0px !important;}&#8220;] Nachhaltigkeitskonzept Die Durchf\u00fchrung von nationalen und internationalen Veranstaltungen durch die Schweizer Eidgenossenschaft ist eine wichtige Aufgabe von Bundes\u00e4mtern. Die Nachhaltigkeit und deren Umsetzung betrifft alle drei Dimensionen: Soziales, Wirtschaft und Umwelt. Die Nachhaltigkeit und...","og_url":"https:\/\/upd-initiative.ch\/de\/nachhaltigkeit\/","og_site_name":"Unlocking the Power of Data Initiative","article_modified_time":"2025-08-08T05:40:12+00:00","og_image":[{"width":1190,"height":704,"url":"https:\/\/upd-initiative.ch\/wp-content\/uploads\/2022\/04\/Logo-UPDI-Color-RGB-white-bg-some-1190px.jpg","type":"image\/jpeg"}],"twitter_card":"summary_large_image","schema":{"@context":"https:\/\/schema.org","@graph":[{"@type":"WebPage","@id":"https:\/\/upd-initiative.ch\/de\/nachhaltigkeit\/","url":"https:\/\/upd-initiative.ch\/de\/nachhaltigkeit\/","name":"Nachhaltigkeit - Unlocking the Power of Data Initiative","isPartOf":{"@id":"https:\/\/upd-initiative.ch\/de\/#website"},"datePublished":"2022-06-16T12:06:48+00:00","dateModified":"2025-08-08T05:40:12+00:00","breadcrumb":{"@id":"https:\/\/upd-initiative.ch\/de\/nachhaltigkeit\/#breadcrumb"},"inLanguage":"de","potentialAction":[{"@type":"ReadAction","target":["https:\/\/upd-initiative.ch\/de\/nachhaltigkeit\/"]}]},{"@type":"BreadcrumbList","@id":"https:\/\/upd-initiative.ch\/de\/nachhaltigkeit\/#breadcrumb","itemListElement":[{"@type":"ListItem","position":1,"name":"Home","item":"https:\/\/upd-initiative.ch\/de\/"},{"@type":"ListItem","position":2,"name":"Nachhaltigkeit"}]},{"@type":"WebSite","@id":"https:\/\/upd-initiative.ch\/de\/#website","url":"https:\/\/upd-initiative.ch\/de\/","name":"Unlocking the Power of Data Initiative","description":"","publisher":{"@id":"https:\/\/upd-initiative.ch\/de\/#organization"},"potentialAction":[{"@type":"SearchAction","target":{"@type":"EntryPoint","urlTemplate":"https:\/\/upd-initiative.ch\/de\/?s={search_term_string}"},"query-input":{"@type":"PropertyValueSpecification","valueRequired":true,"valueName":"search_term_string"}}],"inLanguage":"de"},{"@type":"Organization","@id":"https:\/\/upd-initiative.ch\/de\/#organization","name":"Unlocking the Power of Data Initiative","url":"https:\/\/upd-initiative.ch\/de\/","logo":{"@type":"ImageObject","inLanguage":"de","@id":"https:\/\/upd-initiative.ch\/de\/#\/schema\/logo\/image\/","url":"https:\/\/upd-initiative.ch\/wp-content\/uploads\/2022\/04\/Logo-UPDI-Color-RGB-white-bg-some-325px.jpg","contentUrl":"https:\/\/upd-initiative.ch\/wp-content\/uploads\/2022\/04\/Logo-UPDI-Color-RGB-white-bg-some-325px.jpg","width":325,"height":325,"caption":"Unlocking the Power of Data Initiative"},"image":{"@id":"https:\/\/upd-initiative.ch\/de\/#\/schema\/logo\/image\/"}}]}},"_links":{"self":[{"href":"https:\/\/upd-initiative.ch\/de\/wp-json\/wp\/v2\/pages\/3629","targetHints":{"allow":["GET"]}}],"collection":[{"href":"https:\/\/upd-initiative.ch\/de\/wp-json\/wp\/v2\/pages"}],"about":[{"href":"https:\/\/upd-initiative.ch\/de\/wp-json\/wp\/v2\/types\/page"}],"author":[{"embeddable":true,"href":"https:\/\/upd-initiative.ch\/de\/wp-json\/wp\/v2\/users\/1"}],"replies":[{"embeddable":true,"href":"https:\/\/upd-initiative.ch\/de\/wp-json\/wp\/v2\/comments?post=3629"}],"version-history":[{"count":23,"href":"https:\/\/upd-initiative.ch\/de\/wp-json\/wp\/v2\/pages\/3629\/revisions"}],"predecessor-version":[{"id":7107,"href":"https:\/\/upd-initiative.ch\/de\/wp-json\/wp\/v2\/pages\/3629\/revisions\/7107"}],"wp:attachment":[{"href":"https:\/\/upd-initiative.ch\/de\/wp-json\/wp\/v2\/media?parent=3629"}],"curies":[{"name":"wp","href":"https:\/\/api.w.org\/{rel}","templated":true}]}}